{"id":3761,"date":"2026-05-12T23:15:34","date_gmt":"2026-05-12T21:15:34","guid":{"rendered":"https:\/\/uwg-hausen.de\/?page_id=3761"},"modified":"2026-05-12T23:15:35","modified_gmt":"2026-05-12T21:15:35","slug":"haushaltsrede-2021","status":"publish","type":"page","link":"https:\/\/uwg-hausen.de\/?page_id=3761","title":{"rendered":"Haushaltsrede 2021"},"content":{"rendered":"\n<p class=\"has-text-align-center\">Unsere Haushaltsrede vom 03.05.2021. <br>Author ist Roland Gar\u00e7on<br><\/p>\n\n\n\n<div class=\"_df_book df-lite\" id=\"df_3762\"  _slug=\"haushaltsrede-2021\" data-title=\"haushaltsrede-2021\" wpoptions=\"true\" thumbtype=\"\" ><\/div><script class=\"df-shortcode-script\" nowprocket type=\"application\/javascript\">window.option_df_3762 = {\"outline\":[],\"autoEnableOutline\":\"false\",\"autoEnableThumbnail\":\"false\",\"overwritePDFOutline\":\"false\",\"direction\":\"1\",\"pageSize\":\"0\",\"source\":\"https:\\\/\\\/uwg-hausen.de\\\/wp-content\\\/uploads\\\/2022\\\/06\\\/2021-05-03_Haushaltsrede-2021.pdf\",\"wpOptions\":\"true\"}; if(window.DFLIP && window.DFLIP.parseBooks){window.DFLIP.parseBooks();}<\/script>\n\n\n\n<hr class=\"wp-block-separator has-alpha-channel-opacity\"\/>\n\n\n\n<p class=\"has-text-align-center\"><strong>Du kannst die Haushaltsrede auch ohne PDF-Reader \u00fcber das Men\u00fc auch im Vollbildmodus <\/strong><br><strong>(Pfeile in die Ecken-Icon) anschauen und nat\u00fcrlich auch runterladen<\/strong><\/p>\n\n\n\n<p><\/p>\n","protected":false},"excerpt":{"rendered":"<p>Unsere Haushaltsrede vom 03.05.2021. Author ist Roland Gar\u00e7on Du kannst die Haushaltsrede auch ohne PDF-Reader \u00fcber das Men\u00fc auch im Vollbildmodus (Pfeile in die Ecken-Icon) anschauen und nat\u00fcrlich auch runterladen<\/p>\n","protected":false},"author":7,"featured_media":0,"parent":0,"menu_order":0,"comment_status":"closed","ping_status":"closed","template":"page-fullwidth.php","meta":{"_eb_attr":"","footnotes":""},"class_list":["post-3761","page","type-page","status-publish","hentry"],"_links":{"self":[{"href":"https:\/\/uwg-hausen.de\/index.php?rest_route=\/wp\/v2\/pages\/3761","targetHints":{"allow":["GET"]}}],"collection":[{"href":"https:\/\/uwg-hausen.de\/index.php?rest_route=\/wp\/v2\/pages"}],"about":[{"href":"https:\/\/uwg-hausen.de\/index.php?rest_route=\/wp\/v2\/types\/page"}],"author":[{"embeddable":true,"href":"https:\/\/uwg-hausen.de\/index.php?rest_route=\/wp\/v2\/users\/7"}],"replies":[{"embeddable":true,"href":"https:\/\/uwg-hausen.de\/index.php?rest_route=%2Fwp%2Fv2%2Fcomments&post=3761"}],"version-history":[{"count":1,"href":"https:\/\/uwg-hausen.de\/index.php?rest_route=\/wp\/v2\/pages\/3761\/revisions"}],"predecessor-version":[{"id":3764,"href":"https:\/\/uwg-hausen.de\/index.php?rest_route=\/wp\/v2\/pages\/3761\/revisions\/3764"}],"wp:attachment":[{"href":"https:\/\/uwg-hausen.de\/index.php?rest_route=%2Fwp%2Fv2%2Fmedia&parent=3761"}],"curies":[{"name":"wp","href":"https:\/\/api.w.org\/{rel}","templated":true}]}}