{"id":3753,"date":"2026-05-12T23:11:53","date_gmt":"2026-05-12T21:11:53","guid":{"rendered":"https:\/\/uwg-hausen.de\/?page_id=3753"},"modified":"2026-05-12T23:11:54","modified_gmt":"2026-05-12T21:11:54","slug":"haushaltsrede-2023","status":"publish","type":"page","link":"https:\/\/uwg-hausen.de\/?page_id=3753","title":{"rendered":"Haushaltsrede 2023"},"content":{"rendered":"\n<p class=\"has-text-align-center\">Unsere Haushaltsrede vom 07.06.2023. <br>Author ist Roland Gar\u00e7on<br><\/p>\n\n\n\n<div class=\"_df_book df-lite\" id=\"df_3754\"  _slug=\"haushaltsrede-2023\" data-title=\"haushaltsrede-2023\" wpoptions=\"true\" thumbtype=\"\" ><\/div><script class=\"df-shortcode-script\" nowprocket type=\"application\/javascript\">window.option_df_3754 = {\"outline\":[],\"autoEnableOutline\":\"false\",\"autoEnableThumbnail\":\"false\",\"overwritePDFOutline\":\"false\",\"direction\":\"1\",\"pageSize\":\"0\",\"source\":\"https:\\\/\\\/uwg-hausen.de\\\/wp-content\\\/uploads\\\/2026\\\/01\\\/2023-06-07_Haushaltsrede-2023.pdf\",\"wpOptions\":\"true\"}; if(window.DFLIP && window.DFLIP.parseBooks){window.DFLIP.parseBooks();}<\/script>\n\n\n\n<hr class=\"wp-block-separator has-alpha-channel-opacity\"\/>\n\n\n\n<p class=\"has-text-align-center\"><strong>Du kannst die Haushaltsrede auch ohne PDF-Reader \u00fcber das Men\u00fc auch im Vollbildmodus <\/strong><br><strong>(Pfeile in die Ecken-Icon) anschauen und nat\u00fcrlich auch runterladen<\/strong><\/p>\n\n\n\n<p><\/p>\n","protected":false},"excerpt":{"rendered":"<p>Unsere Haushaltsrede vom 07.06.2023. Author ist Roland Gar\u00e7on Du kannst die Haushaltsrede auch ohne PDF-Reader \u00fcber das Men\u00fc auch im Vollbildmodus (Pfeile in die Ecken-Icon) anschauen und nat\u00fcrlich auch runterladen<\/p>\n","protected":false},"author":7,"featured_media":0,"parent":0,"menu_order":0,"comment_status":"closed","ping_status":"closed","template":"page-fullwidth.php","meta":{"_eb_attr":"","footnotes":""},"class_list":["post-3753","page","type-page","status-publish","hentry"],"_links":{"self":[{"href":"https:\/\/uwg-hausen.de\/index.php?rest_route=\/wp\/v2\/pages\/3753","targetHints":{"allow":["GET"]}}],"collection":[{"href":"https:\/\/uwg-hausen.de\/index.php?rest_route=\/wp\/v2\/pages"}],"about":[{"href":"https:\/\/uwg-hausen.de\/index.php?rest_route=\/wp\/v2\/types\/page"}],"author":[{"embeddable":true,"href":"https:\/\/uwg-hausen.de\/index.php?rest_route=\/wp\/v2\/users\/7"}],"replies":[{"embeddable":true,"href":"https:\/\/uwg-hausen.de\/index.php?rest_route=%2Fwp%2Fv2%2Fcomments&post=3753"}],"version-history":[{"count":1,"href":"https:\/\/uwg-hausen.de\/index.php?rest_route=\/wp\/v2\/pages\/3753\/revisions"}],"predecessor-version":[{"id":3756,"href":"https:\/\/uwg-hausen.de\/index.php?rest_route=\/wp\/v2\/pages\/3753\/revisions\/3756"}],"wp:attachment":[{"href":"https:\/\/uwg-hausen.de\/index.php?rest_route=%2Fwp%2Fv2%2Fmedia&parent=3753"}],"curies":[{"name":"wp","href":"https:\/\/api.w.org\/{rel}","templated":true}]}}