{"id":3746,"date":"2026-05-12T23:09:01","date_gmt":"2026-05-12T21:09:01","guid":{"rendered":"https:\/\/uwg-hausen.de\/?page_id=3746"},"modified":"2026-05-12T23:10:18","modified_gmt":"2026-05-12T21:10:18","slug":"haushaltsrede-2024","status":"publish","type":"page","link":"https:\/\/uwg-hausen.de\/?page_id=3746","title":{"rendered":"Haushaltsrede 2024"},"content":{"rendered":"\n<p class=\"has-text-align-center\">Unsere Haushaltsrede vom 04.03.2024. <br>Author ist Roland Gar\u00e7on<br><\/p>\n\n\n\n<div class=\"_df_book df-lite\" id=\"df_3747\"  _slug=\"haushaltsrede-2024\" data-title=\"haushaltsrede-2024\" wpoptions=\"true\" thumbtype=\"\" ><\/div><script class=\"df-shortcode-script\" nowprocket type=\"application\/javascript\">window.option_df_3747 = {\"outline\":[],\"autoEnableOutline\":\"false\",\"autoEnableThumbnail\":\"false\",\"overwritePDFOutline\":\"false\",\"direction\":\"1\",\"pageSize\":\"0\",\"source\":\"https:\\\/\\\/uwg-hausen.de\\\/wp-content\\\/uploads\\\/2024\\\/03\\\/2024-03-04_Haushaltsrede-2024.pdf\",\"wpOptions\":\"true\"}; if(window.DFLIP && window.DFLIP.parseBooks){window.DFLIP.parseBooks();}<\/script>\n\n\n\n<hr class=\"wp-block-separator has-alpha-channel-opacity\"\/>\n\n\n\n<p class=\"has-text-align-center\"><strong>Du kannst die Haushaltsrede auch ohne PDF-Reader \u00fcber das Men\u00fc auch im Vollbildmodus <\/strong><br><strong>(Pfeile in die Ecken-Icon) anschauen und nat\u00fcrlich auch runterladen<\/strong><\/p>\n\n\n\n<p><\/p>\n","protected":false},"excerpt":{"rendered":"<p>Unsere Haushaltsrede vom 04.03.2024. Author ist Roland Gar\u00e7on Du kannst die Haushaltsrede auch ohne PDF-Reader \u00fcber das Men\u00fc auch im Vollbildmodus (Pfeile in die Ecken-Icon) anschauen und nat\u00fcrlich auch runterladen<\/p>\n","protected":false},"author":7,"featured_media":0,"parent":0,"menu_order":0,"comment_status":"closed","ping_status":"closed","template":"page-fullwidth.php","meta":{"_eb_attr":"","footnotes":""},"class_list":["post-3746","page","type-page","status-publish","hentry"],"_links":{"self":[{"href":"https:\/\/uwg-hausen.de\/index.php?rest_route=\/wp\/v2\/pages\/3746","targetHints":{"allow":["GET"]}}],"collection":[{"href":"https:\/\/uwg-hausen.de\/index.php?rest_route=\/wp\/v2\/pages"}],"about":[{"href":"https:\/\/uwg-hausen.de\/index.php?rest_route=\/wp\/v2\/types\/page"}],"author":[{"embeddable":true,"href":"https:\/\/uwg-hausen.de\/index.php?rest_route=\/wp\/v2\/users\/7"}],"replies":[{"embeddable":true,"href":"https:\/\/uwg-hausen.de\/index.php?rest_route=%2Fwp%2Fv2%2Fcomments&post=3746"}],"version-history":[{"count":2,"href":"https:\/\/uwg-hausen.de\/index.php?rest_route=\/wp\/v2\/pages\/3746\/revisions"}],"predecessor-version":[{"id":3752,"href":"https:\/\/uwg-hausen.de\/index.php?rest_route=\/wp\/v2\/pages\/3746\/revisions\/3752"}],"wp:attachment":[{"href":"https:\/\/uwg-hausen.de\/index.php?rest_route=%2Fwp%2Fv2%2Fmedia&parent=3746"}],"curies":[{"name":"wp","href":"https:\/\/api.w.org\/{rel}","templated":true}]}}