{"id":3632,"date":"2026-02-04T23:05:19","date_gmt":"2026-02-04T22:05:19","guid":{"rendered":"https:\/\/uwg-hausen.de\/?page_id=3632"},"modified":"2026-02-04T23:05:21","modified_gmt":"2026-02-04T22:05:21","slug":"transparent-entscheiden-verantwortung-fuer-morgen","status":"publish","type":"page","link":"https:\/\/uwg-hausen.de\/?page_id=3632","title":{"rendered":"Transparent entscheiden \u2013 Verantwortung f\u00fcr morgen"},"content":{"rendered":"\n<div class=\"wp-block-columns is-layout-flex wp-container-core-columns-is-layout-9d6595d7 wp-block-columns-is-layout-flex\">\n<div class=\"wp-block-column is-layout-flow wp-block-column-is-layout-flow\">\n<div class=\"wp-block-essential-blocks-text  root-eb-text-l9tl1\"><div class=\"eb-parent-wrapper eb-parent-eb-text-l9tl1 \"><div class=\"eb-text-wrapper eb-text-l9tl1\" data-id=\"eb-text-l9tl1\"><p class=\"eb-text\">Entscheidungen m\u00fcssen nachvollziehbar, verst\u00e4ndlich und generationengerecht getroffen werden \u2013 vor allem dann, wenn es um Geld geht. Zum Beispiel bei den Krippen- und Kindergartengeb\u00fchren: <br>Drastische Steigerung der Geb\u00fchren im Zeitraum von Januar 2021 bis September 2023. <br>Betrachtet man die Buchungszeit von 4 bis 5 Stunden, <strong>so ist der Kindergartenbeitrag um 59 % (von 88 \u20ac auf 140 \u20ac) und beim Krippenbeitrag (von 170 \u20ac auf 240 \u20ac) um 41 % angestiegen.<\/strong> Die Hintergr\u00fcnde m\u00fcssen rechtzeitig kommuniziert werden.<br><br>Neue Projekte brauchen klare Antworten: Ist das notwendig? Gibt es Alternativen? Welche Folgen hat das langfristig? Schulden von heute sind Verpflichtungen von morgen!<br><br>Transparenz hei\u00dft f\u00fcr uns auch: Politik erkl\u00e4ren. Kurz, klar und modern. Dies gestaltet die JUW durch den neu \u00fcbernommenen Instagram-Kanal. Hier werden die wichtigsten Informationen aus der Gemeinderatssitzung ver\u00f6ffentlicht und Termine der neuen Gemeinderatssitzungen werden rechtzeitig bekannt gegeben.<\/p><\/div><\/div><\/div>\n<\/div>\n\n\n\n<div class=\"wp-block-column is-layout-flow wp-block-column-is-layout-flow\">\n<div style=\"height:152px\" aria-hidden=\"true\" class=\"wp-block-spacer\"><\/div>\n\n\n\n<div class=\"wp-block-essential-blocks-advanced-image  root-eb-advanced-image-gayxg\"><div class=\"eb-parent-wrapper eb-parent-eb-advanced-image-gayxg \"><figure class=\"eb-advanced-image-wrapper eb-advanced-image-gayxg no-effect\" data-id=\"eb-advanced-image-gayxg\"><div class=\"eb-image-wrapper\"><div class=\"eb-image-wrapper-inner eb-img-style-rounded\"><img decoding=\"async\" src=\"https:\/\/uwg-hausen.de\/wp-content\/uploads\/2026\/02\/JUW_Kinder-Betreuung.png\" alt=\"Schule u0026 Betreuung\"\/><\/div><\/div><\/figure><\/div><\/div>\n<\/div>\n<\/div>\n\n\n\n<p><\/p>\n","protected":false},"excerpt":{"rendered":"","protected":false},"author":7,"featured_media":0,"parent":0,"menu_order":0,"comment_status":"closed","ping_status":"closed","template":"","meta":{"_eb_attr":"","footnotes":""},"class_list":["post-3632","page","type-page","status-publish","hentry"],"_links":{"self":[{"href":"https:\/\/uwg-hausen.de\/index.php?rest_route=\/wp\/v2\/pages\/3632","targetHints":{"allow":["GET"]}}],"collection":[{"href":"https:\/\/uwg-hausen.de\/index.php?rest_route=\/wp\/v2\/pages"}],"about":[{"href":"https:\/\/uwg-hausen.de\/index.php?rest_route=\/wp\/v2\/types\/page"}],"author":[{"embeddable":true,"href":"https:\/\/uwg-hausen.de\/index.php?rest_route=\/wp\/v2\/users\/7"}],"replies":[{"embeddable":true,"href":"https:\/\/uwg-hausen.de\/index.php?rest_route=%2Fwp%2Fv2%2Fcomments&post=3632"}],"version-history":[{"count":1,"href":"https:\/\/uwg-hausen.de\/index.php?rest_route=\/wp\/v2\/pages\/3632\/revisions"}],"predecessor-version":[{"id":3634,"href":"https:\/\/uwg-hausen.de\/index.php?rest_route=\/wp\/v2\/pages\/3632\/revisions\/3634"}],"wp:attachment":[{"href":"https:\/\/uwg-hausen.de\/index.php?rest_route=%2Fwp%2Fv2%2Fmedia&parent=3632"}],"curies":[{"name":"wp","href":"https:\/\/api.w.org\/{rel}","templated":true}]}}