{"id":3629,"date":"2026-02-04T23:02:34","date_gmt":"2026-02-04T22:02:34","guid":{"rendered":"https:\/\/uwg-hausen.de\/?page_id=3629"},"modified":"2026-02-04T23:02:35","modified_gmt":"2026-02-04T22:02:35","slug":"schule-betreuung-bedarf-pruefen-qualitaet-sichern","status":"publish","type":"page","link":"https:\/\/uwg-hausen.de\/?page_id=3629","title":{"rendered":"Schule &amp; Betreuung \u2013 Bedarf pr\u00fcfen, Qualit\u00e4t sichern"},"content":{"rendered":"\n<div class=\"wp-block-columns is-layout-flex wp-container-core-columns-is-layout-9d6595d7 wp-block-columns-is-layout-flex\">\n<div class=\"wp-block-column is-layout-flow wp-block-column-is-layout-flow\">\n<div class=\"wp-block-essential-blocks-text  root-eb-text-l9tl1\"><div class=\"eb-parent-wrapper eb-parent-eb-text-l9tl1 \"><div class=\"eb-text-wrapper eb-text-l9tl1\" data-id=\"eb-text-l9tl1\"><p class=\"eb-text\">Die Schule ist Lebensraum, Standortfaktor und Zukunftsinvestition. Deshalb setzen wir auf eine ehrliche Bestandsaufnahme statt leerer Schlagworte.<br><br>Wir wollen wissen: <br>Reichen R\u00e4ume, Betreuung und Ausstattung auch in Zukunft? Wo gibt es Engp\u00e4sse? Wo muss gezielt nachgebessert werden \u2013 etwa bei Ganztagsangeboten, Mittagessen oder digitaler Ausstattung? Es m\u00fcssen F\u00f6rderm\u00f6glichkeiten gepr\u00fcft werden, damit junge Mitb\u00fcrger einen sch\u00f6nen Ort zum Leben haben.<\/p><\/div><\/div><\/div>\n<\/div>\n\n\n\n<div class=\"wp-block-column is-layout-flow wp-block-column-is-layout-flow\">\n<div class=\"wp-block-essential-blocks-advanced-image  root-eb-advanced-image-gayxg\"><div class=\"eb-parent-wrapper eb-parent-eb-advanced-image-gayxg \"><figure class=\"eb-advanced-image-wrapper eb-advanced-image-gayxg no-effect\" data-id=\"eb-advanced-image-gayxg\"><div class=\"eb-image-wrapper\"><div class=\"eb-image-wrapper-inner eb-img-style-rounded\"><img decoding=\"async\" src=\"https:\/\/uwg-hausen.de\/wp-content\/uploads\/2026\/02\/JUW_Kinder-Betreuung.png\" alt=\"Schule &amp; Betreuung\"\/><\/div><\/div><\/figure><\/div><\/div>\n<\/div>\n<\/div>\n","protected":false},"excerpt":{"rendered":"","protected":false},"author":7,"featured_media":0,"parent":0,"menu_order":0,"comment_status":"closed","ping_status":"closed","template":"","meta":{"_eb_attr":"","footnotes":""},"class_list":["post-3629","page","type-page","status-publish","hentry"],"_links":{"self":[{"href":"https:\/\/uwg-hausen.de\/index.php?rest_route=\/wp\/v2\/pages\/3629","targetHints":{"allow":["GET"]}}],"collection":[{"href":"https:\/\/uwg-hausen.de\/index.php?rest_route=\/wp\/v2\/pages"}],"about":[{"href":"https:\/\/uwg-hausen.de\/index.php?rest_route=\/wp\/v2\/types\/page"}],"author":[{"embeddable":true,"href":"https:\/\/uwg-hausen.de\/index.php?rest_route=\/wp\/v2\/users\/7"}],"replies":[{"embeddable":true,"href":"https:\/\/uwg-hausen.de\/index.php?rest_route=%2Fwp%2Fv2%2Fcomments&post=3629"}],"version-history":[{"count":1,"href":"https:\/\/uwg-hausen.de\/index.php?rest_route=\/wp\/v2\/pages\/3629\/revisions"}],"predecessor-version":[{"id":3631,"href":"https:\/\/uwg-hausen.de\/index.php?rest_route=\/wp\/v2\/pages\/3629\/revisions\/3631"}],"wp:attachment":[{"href":"https:\/\/uwg-hausen.de\/index.php?rest_route=%2Fwp%2Fv2%2Fmedia&parent=3629"}],"curies":[{"name":"wp","href":"https:\/\/api.w.org\/{rel}","templated":true}]}}