{"id":3626,"date":"2026-02-04T23:00:21","date_gmt":"2026-02-04T22:00:21","guid":{"rendered":"https:\/\/uwg-hausen.de\/?page_id=3626"},"modified":"2026-02-04T23:00:22","modified_gmt":"2026-02-04T22:00:22","slug":"sicher-unterwegs-kurze-wege-klare-prioritaeten","status":"publish","type":"page","link":"https:\/\/uwg-hausen.de\/?page_id=3626","title":{"rendered":"Sicher unterwegs \u2013 kurze Wege, klare Priorit\u00e4ten"},"content":{"rendered":"\n<div class=\"wp-block-columns is-layout-flex wp-container-core-columns-is-layout-9d6595d7 wp-block-columns-is-layout-flex\">\n<div class=\"wp-block-column is-layout-flow wp-block-column-is-layout-flow\">\n<div class=\"wp-block-essential-blocks-text  root-eb-text-l9tl1\"><div class=\"eb-parent-wrapper eb-parent-eb-text-l9tl1 \"><div class=\"eb-text-wrapper eb-text-l9tl1\" data-id=\"eb-text-l9tl1\"><p class=\"eb-text\">Sicherheit beginnt im Alltag. Vor allem dort, wo Kinder und Jugendliche t\u00e4glich unterwegs sind \u2013 auf dem Schul- und Kindergartenweg. Unser Fokus liegt auf konkreten Verbesserungen, die schnell wirken und wirklich helfen. <br>Gefahrenstellen m\u00fcssen erkannt, priorisiert und Schritt f\u00fcr Schritt entsch\u00e4rft werden \u2013 gemeinsam mit Eltern, Schulen und Anwohnern. <br><br>Kurzfristige Ma\u00dfnahmen wie Markierungen oder Beschilderungen geh\u00f6ren ebenso dazu wie langfristige L\u00f6sungen, etwa bessere Beleuchtung oder sichere Querungen. Gesammelte Daten, wie die Mobilit\u00e4tsumfrage (beim Kindergarten Lohe und bei der Grundschule), m\u00fcssen genutzt und analysiert werden.<\/p><\/div><\/div><\/div>\n<\/div>\n\n\n\n<div class=\"wp-block-column is-layout-flow wp-block-column-is-layout-flow\">\n<div style=\"height:16px\" aria-hidden=\"true\" class=\"wp-block-spacer\"><\/div>\n\n\n\n<div class=\"wp-block-essential-blocks-advanced-image  root-eb-advanced-image-gayxg\"><div class=\"eb-parent-wrapper eb-parent-eb-advanced-image-gayxg \"><figure class=\"eb-advanced-image-wrapper eb-advanced-image-gayxg no-effect\" data-id=\"eb-advanced-image-gayxg\"><div class=\"eb-image-wrapper\"><div class=\"eb-image-wrapper-inner eb-img-style-rounded\"><img decoding=\"async\" src=\"https:\/\/uwg-hausen.de\/wp-content\/uploads\/2026\/02\/JUW_sichere-Wege.png\" alt=\"Sicher unterwegs\"\/><\/div><\/div><\/figure><\/div><\/div>\n<\/div>\n<\/div>\n","protected":false},"excerpt":{"rendered":"","protected":false},"author":7,"featured_media":0,"parent":0,"menu_order":0,"comment_status":"closed","ping_status":"closed","template":"","meta":{"_eb_attr":"","footnotes":""},"class_list":["post-3626","page","type-page","status-publish","hentry"],"_links":{"self":[{"href":"https:\/\/uwg-hausen.de\/index.php?rest_route=\/wp\/v2\/pages\/3626","targetHints":{"allow":["GET"]}}],"collection":[{"href":"https:\/\/uwg-hausen.de\/index.php?rest_route=\/wp\/v2\/pages"}],"about":[{"href":"https:\/\/uwg-hausen.de\/index.php?rest_route=\/wp\/v2\/types\/page"}],"author":[{"embeddable":true,"href":"https:\/\/uwg-hausen.de\/index.php?rest_route=\/wp\/v2\/users\/7"}],"replies":[{"embeddable":true,"href":"https:\/\/uwg-hausen.de\/index.php?rest_route=%2Fwp%2Fv2%2Fcomments&post=3626"}],"version-history":[{"count":1,"href":"https:\/\/uwg-hausen.de\/index.php?rest_route=\/wp\/v2\/pages\/3626\/revisions"}],"predecessor-version":[{"id":3628,"href":"https:\/\/uwg-hausen.de\/index.php?rest_route=\/wp\/v2\/pages\/3626\/revisions\/3628"}],"wp:attachment":[{"href":"https:\/\/uwg-hausen.de\/index.php?rest_route=%2Fwp%2Fv2%2Fmedia&parent=3626"}],"curies":[{"name":"wp","href":"https:\/\/api.w.org\/{rel}","templated":true}]}}