{"id":3622,"date":"2026-02-04T22:57:00","date_gmt":"2026-02-04T21:57:00","guid":{"rendered":"https:\/\/uwg-hausen.de\/?page_id=3622"},"modified":"2026-02-04T23:23:15","modified_gmt":"2026-02-04T22:23:15","slug":"jugend-kinder-raeume-nutzen-beteiligung-leben","status":"publish","type":"page","link":"https:\/\/uwg-hausen.de\/?page_id=3622","title":{"rendered":"Jugend &amp; Kinder \u2013 R\u00e4ume nutzen, Beteiligung leben"},"content":{"rendered":"\n<div class=\"wp-block-columns is-layout-flex wp-container-core-columns-is-layout-9d6595d7 wp-block-columns-is-layout-flex\">\n<div class=\"wp-block-column is-layout-flow wp-block-column-is-layout-flow\">\n<div class=\"wp-block-essential-blocks-text  root-eb-text-l9tl1\"><div class=\"eb-parent-wrapper eb-parent-eb-text-l9tl1 \"><div class=\"eb-text-wrapper eb-text-l9tl1\" data-id=\"eb-text-l9tl1\"><p class=\"eb-text\">Die Jugend braucht Orte, Zeit und M\u00f6glichkeiten zur Mitgestaltung. Mit dem Jugendraum entsteht ein Platz f\u00fcr gro\u00df und klein. Junge Menschen sollen sich treffen, austauschen und eigene Ideen umsetzen k\u00f6nnen. Der Jugendraum darf kein Symbolprojekt sein, sondern muss leben. <br><br>Es k\u00f6nnen regelm\u00e4\u00dfige Angebote wie ein Brettspieleabend, Quizabend, eine Organisation eines Kinderfaschings in der neuen Turnhalle und die M\u00f6glichkeit einer Krabbelgruppe entstehen. Daf\u00fcr braucht es klare Zust\u00e4ndigkeiten und verl\u00e4ssliche Strukturen. Jugendbeteiligung muss organisiert und ernst genommen werden \u2013 mit festen Treffpunkten, Projekten und einer starken Rolle der Jugendpflege.<\/p><\/div><\/div><\/div>\n<\/div>\n\n\n\n<div class=\"wp-block-column is-layout-flow wp-block-column-is-layout-flow\">\n<div style=\"height:16px\" aria-hidden=\"true\" class=\"wp-block-spacer\"><\/div>\n\n\n\n<div class=\"wp-block-essential-blocks-advanced-image  root-eb-advanced-image-gayxg\"><div class=\"eb-parent-wrapper eb-parent-eb-advanced-image-gayxg \"><figure class=\"eb-advanced-image-wrapper eb-advanced-image-gayxg no-effect\" data-id=\"eb-advanced-image-gayxg\"><div class=\"eb-image-wrapper\"><div class=\"eb-image-wrapper-inner eb-img-style-rounded\"><img decoding=\"async\" src=\"https:\/\/uwg-hausen.de\/wp-content\/uploads\/2026\/02\/JUW_Motiv_Jugend-.png\" alt=\"Jugend &amp; Kinder\"\/><\/div><\/div><\/figure><\/div><\/div>\n<\/div>\n<\/div>\n","protected":false},"excerpt":{"rendered":"","protected":false},"author":7,"featured_media":0,"parent":0,"menu_order":0,"comment_status":"closed","ping_status":"closed","template":"","meta":{"_eb_attr":"","footnotes":""},"class_list":["post-3622","page","type-page","status-publish","hentry"],"_links":{"self":[{"href":"https:\/\/uwg-hausen.de\/index.php?rest_route=\/wp\/v2\/pages\/3622","targetHints":{"allow":["GET"]}}],"collection":[{"href":"https:\/\/uwg-hausen.de\/index.php?rest_route=\/wp\/v2\/pages"}],"about":[{"href":"https:\/\/uwg-hausen.de\/index.php?rest_route=\/wp\/v2\/types\/page"}],"author":[{"embeddable":true,"href":"https:\/\/uwg-hausen.de\/index.php?rest_route=\/wp\/v2\/users\/7"}],"replies":[{"embeddable":true,"href":"https:\/\/uwg-hausen.de\/index.php?rest_route=%2Fwp%2Fv2%2Fcomments&post=3622"}],"version-history":[{"count":4,"href":"https:\/\/uwg-hausen.de\/index.php?rest_route=\/wp\/v2\/pages\/3622\/revisions"}],"predecessor-version":[{"id":3659,"href":"https:\/\/uwg-hausen.de\/index.php?rest_route=\/wp\/v2\/pages\/3622\/revisions\/3659"}],"wp:attachment":[{"href":"https:\/\/uwg-hausen.de\/index.php?rest_route=%2Fwp%2Fv2%2Fmedia&parent=3622"}],"curies":[{"name":"wp","href":"https:\/\/api.w.org\/{rel}","templated":true}]}}