{"id":3620,"date":"2026-02-04T22:54:09","date_gmt":"2026-02-04T21:54:09","guid":{"rendered":"https:\/\/uwg-hausen.de\/?page_id=3620"},"modified":"2026-02-04T23:06:22","modified_gmt":"2026-02-04T22:06:22","slug":"wohnen-bleiben-fair-bezahlbar-flaechenschonend","status":"publish","type":"page","link":"https:\/\/uwg-hausen.de\/?page_id=3620","title":{"rendered":"Wohnen &amp; Bleiben \u2013 fair, bezahlbar, fl\u00e4chenschonend"},"content":{"rendered":"\n<div class=\"wp-block-columns is-layout-flex wp-container-core-columns-is-layout-9d6595d7 wp-block-columns-is-layout-flex\">\n<div class=\"wp-block-column is-layout-flow wp-block-column-is-layout-flow\">\n<div class=\"wp-block-essential-blocks-text  root-eb-text-l9tl1\"><div class=\"eb-parent-wrapper eb-parent-eb-text-l9tl1 \"><div class=\"eb-text-wrapper eb-text-l9tl1\" data-id=\"eb-text-l9tl1\"><p class=\"eb-text\">Wer hier aufw\u00e4chst, soll hier auch bleiben k\u00f6nnen. Bezahlbarer Wohnraum ist eine zentrale Zukunftsfrage \u2013 besonders f\u00fcr junge Menschen und Familien. Wir setzen auf fl\u00e4chenschonende Entwicklung, Innenverdichtung und klare Regeln statt immer neuer Baugebiete auf wertvollen Agrarfl\u00e4chen.<br><br>Wo die Gemeinde Grundst\u00fccke vergibt, m\u00fcssen faire und soziale Kriterien gelten. Wohnraum soll denen zugutekommen, die hier leben, arbeiten oder sich engagieren.<br><\/p><\/div><\/div><\/div>\n<\/div>\n\n\n\n<div class=\"wp-block-column is-layout-flow wp-block-column-is-layout-flow\">\n<div class=\"wp-block-essential-blocks-advanced-image  root-eb-advanced-image-gayxg\"><div class=\"eb-parent-wrapper eb-parent-eb-advanced-image-gayxg \"><figure class=\"eb-advanced-image-wrapper eb-advanced-image-gayxg no-effect\" data-id=\"eb-advanced-image-gayxg\"><div class=\"eb-image-wrapper\"><div class=\"eb-image-wrapper-inner eb-img-style-rounded\"><img decoding=\"async\" src=\"https:\/\/uwg-hausen.de\/wp-content\/uploads\/2026\/02\/JUW_Wohnen.png\" alt=\"\"\/><\/div><\/div><\/figure><\/div><\/div>\n<\/div>\n<\/div>\n","protected":false},"excerpt":{"rendered":"","protected":false},"author":7,"featured_media":0,"parent":0,"menu_order":0,"comment_status":"closed","ping_status":"closed","template":"","meta":{"_eb_attr":"","footnotes":""},"class_list":["post-3620","page","type-page","status-publish","hentry"],"_links":{"self":[{"href":"https:\/\/uwg-hausen.de\/index.php?rest_route=\/wp\/v2\/pages\/3620","targetHints":{"allow":["GET"]}}],"collection":[{"href":"https:\/\/uwg-hausen.de\/index.php?rest_route=\/wp\/v2\/pages"}],"about":[{"href":"https:\/\/uwg-hausen.de\/index.php?rest_route=\/wp\/v2\/types\/page"}],"author":[{"embeddable":true,"href":"https:\/\/uwg-hausen.de\/index.php?rest_route=\/wp\/v2\/users\/7"}],"replies":[{"embeddable":true,"href":"https:\/\/uwg-hausen.de\/index.php?rest_route=%2Fwp%2Fv2%2Fcomments&post=3620"}],"version-history":[{"count":2,"href":"https:\/\/uwg-hausen.de\/index.php?rest_route=\/wp\/v2\/pages\/3620\/revisions"}],"predecessor-version":[{"id":3636,"href":"https:\/\/uwg-hausen.de\/index.php?rest_route=\/wp\/v2\/pages\/3620\/revisions\/3636"}],"wp:attachment":[{"href":"https:\/\/uwg-hausen.de\/index.php?rest_route=%2Fwp%2Fv2%2Fmedia&parent=3620"}],"curies":[{"name":"wp","href":"https:\/\/api.w.org\/{rel}","templated":true}]}}