{"id":3613,"date":"2026-02-04T22:40:44","date_gmt":"2026-02-04T21:40:44","guid":{"rendered":"https:\/\/uwg-hausen.de\/?page_id=3613"},"modified":"2026-02-04T23:06:32","modified_gmt":"2026-02-04T22:06:32","slug":"die-juw-hausen-wimmelbach-wo-ist-unsere-zukunft-2","status":"publish","type":"page","link":"https:\/\/uwg-hausen.de\/?page_id=3613","title":{"rendered":"Die JUW Hausen &amp; Wimmelbach \u2013 Wo ist unsere Zukunft?"},"content":{"rendered":"\n<div class=\"wp-block-columns is-layout-flex wp-container-core-columns-is-layout-9d6595d7 wp-block-columns-is-layout-flex\">\n<div class=\"wp-block-column is-layout-flow wp-block-column-is-layout-flow\">\n<div class=\"wp-block-essential-blocks-text  root-eb-text-l9tl1\"><div class=\"eb-parent-wrapper eb-parent-eb-text-l9tl1 \"><div class=\"eb-text-wrapper eb-text-l9tl1\" data-id=\"eb-text-l9tl1\"><p class=\"eb-text\">Wir als Junge Unabh\u00e4ngige W\u00e4hler sind engagierte B\u00fcrgerinnen und B\u00fcrger, die f\u00fcr sachorientierte, transparente und b\u00fcrgernahe Kommunalpolitik mit besonderem Hinblick auf die Bed\u00fcrfnisse aller Generationen stehen. Unsere Zukunft liegt darin, junge B\u00fcrgerinnen und B\u00fcrger aktiv einzubinden und die Kommunalpolitik moderner, l\u00f6sungsorientierter und verantwortungsvoll weiterzuentwickeln. Ziel ist es, die Gemeinden lebenswert zu erhalten, verantwortungsvoll weiterzuentwickeln und Entscheidungen stets am Gemeindewohl auszurichten \u2013 unabh\u00e4ngig, offen und nah an den Menschen.<\/p><\/div><\/div><\/div>\n<\/div>\n\n\n\n<div class=\"wp-block-column is-layout-flow wp-block-column-is-layout-flow\">\n<div class=\"wp-block-essential-blocks-advanced-image  root-eb-advanced-image-f30fs\"><div class=\"eb-parent-wrapper eb-parent-eb-advanced-image-f30fs \"><figure class=\"eb-advanced-image-wrapper eb-advanced-image-f30fs no-effect\" data-id=\"eb-advanced-image-f30fs\"><div class=\"eb-image-wrapper\"><div class=\"eb-image-wrapper-inner eb-img-style-rounded\"><img decoding=\"async\" src=\"https:\/\/uwg-hausen.de\/wp-content\/uploads\/2026\/02\/JUW-screenshot-1.png\" alt=\"\"\/><\/div><\/div><\/figure><\/div><\/div>\n<\/div>\n<\/div>\n","protected":false},"excerpt":{"rendered":"","protected":false},"author":7,"featured_media":0,"parent":0,"menu_order":0,"comment_status":"closed","ping_status":"closed","template":"","meta":{"_eb_attr":"","footnotes":""},"class_list":["post-3613","page","type-page","status-publish","hentry"],"_links":{"self":[{"href":"https:\/\/uwg-hausen.de\/index.php?rest_route=\/wp\/v2\/pages\/3613","targetHints":{"allow":["GET"]}}],"collection":[{"href":"https:\/\/uwg-hausen.de\/index.php?rest_route=\/wp\/v2\/pages"}],"about":[{"href":"https:\/\/uwg-hausen.de\/index.php?rest_route=\/wp\/v2\/types\/page"}],"author":[{"embeddable":true,"href":"https:\/\/uwg-hausen.de\/index.php?rest_route=\/wp\/v2\/users\/7"}],"replies":[{"embeddable":true,"href":"https:\/\/uwg-hausen.de\/index.php?rest_route=%2Fwp%2Fv2%2Fcomments&post=3613"}],"version-history":[{"count":2,"href":"https:\/\/uwg-hausen.de\/index.php?rest_route=\/wp\/v2\/pages\/3613\/revisions"}],"predecessor-version":[{"id":3637,"href":"https:\/\/uwg-hausen.de\/index.php?rest_route=\/wp\/v2\/pages\/3613\/revisions\/3637"}],"wp:attachment":[{"href":"https:\/\/uwg-hausen.de\/index.php?rest_route=%2Fwp%2Fv2%2Fmedia&parent=3613"}],"curies":[{"name":"wp","href":"https:\/\/api.w.org\/{rel}","templated":true}]}}