{"id":3229,"date":"2026-01-31T18:03:52","date_gmt":"2026-01-31T17:03:52","guid":{"rendered":"https:\/\/uwg-hausen.de\/?page_id=3229"},"modified":"2026-01-31T18:33:05","modified_gmt":"2026-01-31T17:33:05","slug":"unsere-haltung-im-gemeinderat","status":"publish","type":"page","link":"https:\/\/uwg-hausen.de\/?page_id=3229","title":{"rendered":"Unsere Haltung im Gemeinderat"},"content":{"rendered":"\t\t<div data-elementor-type=\"wp-page\" data-elementor-id=\"3229\" class=\"elementor elementor-3229\" data-elementor-post-type=\"page\">\n\t\t\t\t\t\t<section class=\"elementor-section elementor-top-section elementor-element elementor-element-6079396 elementor-section-boxed elementor-section-height-default elementor-section-height-default\" data-id=\"6079396\" data-element_type=\"section\" data-e-type=\"section\">\n\t\t\t\t\t\t<div class=\"elementor-container elementor-column-gap-default\">\n\t\t\t\t\t<div class=\"elementor-column elementor-col-100 elementor-top-column elementor-element elementor-element-ce258de\" data-id=\"ce258de\" data-element_type=\"column\" data-e-type=\"column\">\n\t\t\t<div class=\"elementor-widget-wrap elementor-element-populated\">\n\t\t\t\t\t\t<div class=\"elementor-element elementor-element-59d203b elementor-icon-list--layout-traditional elementor-list-item-link-full_width elementor-widget elementor-widget-icon-list\" data-id=\"59d203b\" data-element_type=\"widget\" data-e-type=\"widget\" data-widget_type=\"icon-list.default\">\n\t\t\t\t<div class=\"elementor-widget-container\">\n\t\t\t\t\t\t\t<ul class=\"elementor-icon-list-items\">\n\t\t\t\t\t\t\t<li class=\"elementor-icon-list-item\">\n\t\t\t\t\t\t\t\t\t\t\t<a href=\"https:\/\/uwg-hausen.de\/?page_id=3206\">\n\n\t\t\t\t\t\t\t\t\t\t\t\t<span class=\"elementor-icon-list-icon\">\n\t\t\t\t\t\t\t<i aria-hidden=\"true\" class=\"fas fa-arrow-left\"><\/i>\t\t\t\t\t\t<\/span>\n\t\t\t\t\t\t\t\t\t\t<span class=\"elementor-icon-list-text\"><b>Hier geht es zur \u00dcbersicht aller Fokusthemen <\/b><\/span>\n\t\t\t\t\t\t\t\t\t\t\t<\/a>\n\t\t\t\t\t\t\t\t\t<\/li>\n\t\t\t\t\t\t<\/ul>\n\t\t\t\t\t\t<\/div>\n\t\t\t\t<\/div>\n\t\t\t\t\t<\/div>\n\t\t<\/div>\n\t\t\t\t\t<\/div>\n\t\t<\/section>\n\t\t\t\t<section class=\"elementor-section elementor-top-section elementor-element elementor-element-578fad0 elementor-section-boxed elementor-section-height-default elementor-section-height-default\" data-id=\"578fad0\" data-element_type=\"section\" data-e-type=\"section\">\n\t\t\t\t\t\t<div class=\"elementor-container elementor-column-gap-default\">\n\t\t\t\t\t<div class=\"elementor-column elementor-col-50 elementor-top-column elementor-element elementor-element-2cc087b\" data-id=\"2cc087b\" data-element_type=\"column\" data-e-type=\"column\">\n\t\t\t<div class=\"elementor-widget-wrap elementor-element-populated\">\n\t\t\t\t\t\t<div class=\"elementor-element elementor-element-e0a1c48 elementor-widget__width-initial elementor-widget elementor-widget-text-editor\" data-id=\"e0a1c48\" data-element_type=\"widget\" data-e-type=\"widget\" data-widget_type=\"text-editor.default\">\n\t\t\t\t<div class=\"elementor-widget-container\">\n\t\t\t\t\t\t\t\t\t<h4><strong>verl\u00e4sslich, sachlich, im Dialog<\/strong><\/h4><p>In der vergangenen Legislaturperiode haben wir als UWG-Hausen Entscheidungen im Gemeinderat kritisch, sachlich und konstruktiv begleitet. Nicht als Gegenpol, sondern als verl\u00e4ssliche Instanz, die Abw\u00e4gungen einfordert und tragf\u00e4hige L\u00f6sungen mittr\u00e4gt.<\/p><p>Vieles entsteht im Zusammenspiel mehrerer Fraktionen \u2013 genau dort bringen wir uns verbindlich ein: Im Dialog, mit klarer Haltung und mit Blick auf die Folgen.<\/p><p>Zu h\u00e4ufig wurden wichtige Entscheidungen ohne ausreichende Diskussion, ohne transparente Informationsgrundlage und unter Ausnutzung des Mehrheitsvorteils durchgesetzt. Antr\u00e4ge der UWG-Hausen wurden durch das bestehende Mehrheitsverh\u00e4ltnis blockiert, verz\u00f6gert oder nicht sachlich behandelt. Konstruktive Vorschl\u00e4ge fanden so oft nicht die n\u00f6tige Ber\u00fccksichtigung, wie etwa beim Standort der Nahw\u00e4rme auf teurem Bauland.<\/p><p>Sie als W\u00e4hler k\u00f6nnen das \u00e4ndern, wenn sie die Mehrheitsverh\u00e4ltnisse aufbrechen. Entscheidungen brauchen eine Grundlage, die B\u00fcrger verstehen k\u00f6nnen.<\/p><p><strong>Unser Ma\u00dfstab ist und bleibt klar: <\/strong>verst\u00e4ndlich, langfristig tragf\u00e4hig und finanziell verantwortbar. Nicht alles, was m\u00f6glich ist, ist automatisch sinnvoll \u2013 und nicht jede Fehlentscheidung l\u00e4sst sich sp\u00e4ter korrigieren.<\/p>\t\t\t\t\t\t\t\t<\/div>\n\t\t\t\t<\/div>\n\t\t\t\t\t<\/div>\n\t\t<\/div>\n\t\t\t\t<div class=\"elementor-column elementor-col-50 elementor-top-column elementor-element elementor-element-c5b06c3\" data-id=\"c5b06c3\" data-element_type=\"column\" data-e-type=\"column\">\n\t\t\t<div class=\"elementor-widget-wrap elementor-element-populated\">\n\t\t\t\t\t\t<div class=\"elementor-element elementor-element-936bd35 elementor-widget__width-initial elementor-widget elementor-widget-foogallery\" data-id=\"936bd35\" data-element_type=\"widget\" data-e-type=\"widget\" data-widget_type=\"foogallery.default\">\n\t\t\t\t<div class=\"elementor-widget-container\">\n\t\t\t\t\t<style type=\"text\/css\">\n#foogallery-gallery-3241 .fg-image { width: 190px; }\n#foogallery-gallery-3241 { --fg-gutter: 10px; }<\/style>\n\t\t\t<div class=\"foogallery foogallery-container foogallery-default foogallery-lightbox-foogallery fg-center fg-default fg-ready fg-dark fg-round-small fg-shadow-small fg-shadow-inset-outline fg-loading-default fg-loaded-fade-in fg-preset fg-brad fg-preset-small fg-preset fg-brad fg-preset-small\" id=\"foogallery-gallery-3241\" data-foogallery=\"{&quot;item&quot;:{&quot;showCaptionTitle&quot;:true,&quot;showCaptionDescription&quot;:true},&quot;lazy&quot;:true}\" style=\"--fg-title-line-clamp: 1; --fg-description-line-clamp: 2;\" >\n\t<div class=\"fg-item fg-type-image fg-idle\"><figure class=\"fg-item-inner\"><a data-caption-desc=\"Roland Gar\u00e7on\r\nGemeinderat UWG\" data-attachment-id=\"3235\" data-e-disable-page-transition=\"true\" data-type=\"image\" class=\"fg-thumb\"><span class=\"fg-image-wrap\"><img decoding=\"async\" width=\"190\" height=\"170\" class=\"skip-lazy fg-image\" data-src-fg=\"https:\/\/uwg-hausen.de\/wp-content\/uploads\/cache\/2026\/01\/UWG-2026-RGarcon-scaled\/820077115.jpg\" src=\"data:image\/svg+xml,%3Csvg%20xmlns%3D%22http%3A%2F%2Fwww.w3.org%2F2000%2Fsvg%22%20width%3D%22190%22%20height%3D%22170%22%20viewBox%3D%220%200%20190%20170%22%3E%3C%2Fsvg%3E\" loading=\"eager\"><\/span><span class=\"fg-image-overlay\"><\/span><\/a><figcaption class=\"fg-caption\"><div class=\"fg-caption-inner\"><div class=\"fg-caption-desc\">Roland Gar\u00e7on\r\nGemeinderat UWG<\/div><\/div><\/figcaption><\/figure><div class=\"fg-loader\"><\/div><\/div><div class=\"fg-item fg-type-image fg-idle\"><figure class=\"fg-item-inner\"><a data-caption-desc=\"Georg Brandmeier\r\nGemeinderat UWG\" data-attachment-id=\"3232\" data-e-disable-page-transition=\"true\" data-type=\"image\" class=\"fg-thumb\"><span class=\"fg-image-wrap\"><img decoding=\"async\" width=\"190\" height=\"170\" class=\"skip-lazy fg-image\" data-src-fg=\"https:\/\/uwg-hausen.de\/wp-content\/uploads\/cache\/2026\/01\/UWG-2026-GBrandmeier-scaled\/3772059736.jpg\" src=\"data:image\/svg+xml,%3Csvg%20xmlns%3D%22http%3A%2F%2Fwww.w3.org%2F2000%2Fsvg%22%20width%3D%22190%22%20height%3D%22170%22%20viewBox%3D%220%200%20190%20170%22%3E%3C%2Fsvg%3E\" loading=\"eager\"><\/span><span class=\"fg-image-overlay\"><\/span><\/a><figcaption class=\"fg-caption\"><div class=\"fg-caption-inner\"><div class=\"fg-caption-desc\">Georg Brandmeier\r\nGemeinderat UWG<\/div><\/div><\/figcaption><\/figure><div class=\"fg-loader\"><\/div><\/div><div class=\"fg-item fg-type-image fg-idle\"><figure class=\"fg-item-inner\"><a data-caption-desc=\"Herbert Kemeth\r\nGemeinderat UWG\" data-attachment-id=\"3233\" data-e-disable-page-transition=\"true\" data-type=\"image\" class=\"fg-thumb\"><span class=\"fg-image-wrap\"><img decoding=\"async\" width=\"190\" height=\"170\" class=\"skip-lazy fg-image\" data-src-fg=\"https:\/\/uwg-hausen.de\/wp-content\/uploads\/cache\/2026\/01\/UWG-2026-HKemeth-scaled\/1192030103.jpg\" src=\"data:image\/svg+xml,%3Csvg%20xmlns%3D%22http%3A%2F%2Fwww.w3.org%2F2000%2Fsvg%22%20width%3D%22190%22%20height%3D%22170%22%20viewBox%3D%220%200%20190%20170%22%3E%3C%2Fsvg%3E\" loading=\"eager\"><\/span><span class=\"fg-image-overlay\"><\/span><\/a><figcaption class=\"fg-caption\"><div class=\"fg-caption-inner\"><div class=\"fg-caption-desc\">Herbert Kemeth\r\nGemeinderat UWG<\/div><\/div><\/figcaption><\/figure><div class=\"fg-loader\"><\/div><\/div><div class=\"fg-item fg-type-image fg-idle\"><figure class=\"fg-item-inner\"><a data-caption-desc=\"Maximilian Schmitt\r\nGemeinderat JUW\" data-attachment-id=\"3234\" data-e-disable-page-transition=\"true\" data-type=\"image\" class=\"fg-thumb\"><span class=\"fg-image-wrap\"><img decoding=\"async\" width=\"190\" height=\"170\" class=\"skip-lazy fg-image\" data-src-fg=\"https:\/\/uwg-hausen.de\/wp-content\/uploads\/cache\/2026\/01\/UWG-2026-MaxSchmitt-scaled\/2266423100.jpg\" src=\"data:image\/svg+xml,%3Csvg%20xmlns%3D%22http%3A%2F%2Fwww.w3.org%2F2000%2Fsvg%22%20width%3D%22190%22%20height%3D%22170%22%20viewBox%3D%220%200%20190%20170%22%3E%3C%2Fsvg%3E\" loading=\"eager\"><\/span><span class=\"fg-image-overlay\"><\/span><\/a><figcaption class=\"fg-caption\"><div class=\"fg-caption-inner\"><div class=\"fg-caption-desc\">Maximilian Schmitt\r\nGemeinderat JUW<\/div><\/div><\/figcaption><\/figure><div class=\"fg-loader\"><\/div><\/div><div class=\"fg-item fg-type-image fg-idle\"><figure class=\"fg-item-inner\"><a data-caption-desc=\"Martin Heilmann\r\nehem. Gemeinderat UWG\" data-attachment-id=\"3236\" data-e-disable-page-transition=\"true\" data-type=\"image\" class=\"fg-thumb\"><span class=\"fg-image-wrap\"><img decoding=\"async\" width=\"190\" height=\"170\" class=\"skip-lazy fg-image\" data-src-fg=\"https:\/\/uwg-hausen.de\/wp-content\/uploads\/cache\/2026\/01\/M_Heilmann\/1691032416.png\" src=\"data:image\/svg+xml,%3Csvg%20xmlns%3D%22http%3A%2F%2Fwww.w3.org%2F2000%2Fsvg%22%20width%3D%22190%22%20height%3D%22170%22%20viewBox%3D%220%200%20190%20170%22%3E%3C%2Fsvg%3E\" loading=\"eager\"><\/span><span class=\"fg-image-overlay\"><\/span><\/a><figcaption class=\"fg-caption\"><div class=\"fg-caption-inner\"><div class=\"fg-caption-desc\">Martin Heilmann\r\nehem. Gemeinderat UWG<\/div><\/div><\/figcaption><\/figure><div class=\"fg-loader\"><\/div><\/div><\/div>\n\t\t\t\t<\/div>\n\t\t\t\t<\/div>\n\t\t\t\t\t<\/div>\n\t\t<\/div>\n\t\t\t\t\t<\/div>\n\t\t<\/section>\n\t\t\t\t<\/div>\n\t\t","protected":false},"excerpt":{"rendered":"<p>Hier geht es zur \u00dcbersicht aller Fokusthemen verl\u00e4sslich, sachlich, im Dialog In der vergangenen Legislaturperiode haben wir als UWG-Hausen Entscheidungen im Gemeinderat kritisch, sachlich und konstruktiv begleitet. Nicht als Gegenpol, <a class=\"more-link\" href=\"https:\/\/uwg-hausen.de\/?page_id=3229\">Weiterlesen <i class=\"fa fa-chevron-right\"><\/i><\/a><\/p>\n","protected":false},"author":11,"featured_media":0,"parent":0,"menu_order":0,"comment_status":"closed","ping_status":"closed","template":"","meta":{"_eb_attr":"","footnotes":""},"class_list":["post-3229","page","type-page","status-publish","hentry"],"_links":{"self":[{"href":"https:\/\/uwg-hausen.de\/index.php?rest_route=\/wp\/v2\/pages\/3229","targetHints":{"allow":["GET"]}}],"collection":[{"href":"https:\/\/uwg-hausen.de\/index.php?rest_route=\/wp\/v2\/pages"}],"about":[{"href":"https:\/\/uwg-hausen.de\/index.php?rest_route=\/wp\/v2\/types\/page"}],"author":[{"embeddable":true,"href":"https:\/\/uwg-hausen.de\/index.php?rest_route=\/wp\/v2\/users\/11"}],"replies":[{"embeddable":true,"href":"https:\/\/uwg-hausen.de\/index.php?rest_route=%2Fwp%2Fv2%2Fcomments&post=3229"}],"version-history":[{"count":22,"href":"https:\/\/uwg-hausen.de\/index.php?rest_route=\/wp\/v2\/pages\/3229\/revisions"}],"predecessor-version":[{"id":3296,"href":"https:\/\/uwg-hausen.de\/index.php?rest_route=\/wp\/v2\/pages\/3229\/revisions\/3296"}],"wp:attachment":[{"href":"https:\/\/uwg-hausen.de\/index.php?rest_route=%2Fwp%2Fv2%2Fmedia&parent=3229"}],"curies":[{"name":"wp","href":"https:\/\/api.w.org\/{rel}","templated":true}]}}