{"id":2977,"date":"2026-01-29T23:17:51","date_gmt":"2026-01-29T22:17:51","guid":{"rendered":"https:\/\/uwg-hausen.de\/?page_id=2977"},"modified":"2026-01-31T18:31:59","modified_gmt":"2026-01-31T17:31:59","slug":"strassen-folgeschaeden","status":"publish","type":"page","link":"https:\/\/uwg-hausen.de\/?page_id=2977","title":{"rendered":"Stra\u00dfen &#038; Folgesch\u00e4den"},"content":{"rendered":"\t\t<div data-elementor-type=\"wp-page\" data-elementor-id=\"2977\" class=\"elementor elementor-2977\" data-elementor-post-type=\"page\">\n\t\t\t\t\t\t<section class=\"elementor-section elementor-top-section elementor-element elementor-element-67f6d3f elementor-section-boxed elementor-section-height-default elementor-section-height-default\" data-id=\"67f6d3f\" data-element_type=\"section\" data-e-type=\"section\">\n\t\t\t\t\t\t<div class=\"elementor-container elementor-column-gap-default\">\n\t\t\t\t\t<div class=\"elementor-column elementor-col-100 elementor-top-column elementor-element elementor-element-d465341\" data-id=\"d465341\" data-element_type=\"column\" data-e-type=\"column\">\n\t\t\t<div class=\"elementor-widget-wrap elementor-element-populated\">\n\t\t\t\t\t\t<div class=\"elementor-element elementor-element-26a2a6f elementor-icon-list--layout-traditional elementor-list-item-link-full_width elementor-widget elementor-widget-icon-list\" data-id=\"26a2a6f\" data-element_type=\"widget\" data-e-type=\"widget\" data-widget_type=\"icon-list.default\">\n\t\t\t\t<div class=\"elementor-widget-container\">\n\t\t\t\t\t\t\t<ul class=\"elementor-icon-list-items\">\n\t\t\t\t\t\t\t<li class=\"elementor-icon-list-item\">\n\t\t\t\t\t\t\t\t\t\t\t<a href=\"https:\/\/uwg-hausen.de\/?page_id=3206\">\n\n\t\t\t\t\t\t\t\t\t\t\t\t<span class=\"elementor-icon-list-icon\">\n\t\t\t\t\t\t\t<i aria-hidden=\"true\" class=\"fas fa-arrow-left\"><\/i>\t\t\t\t\t\t<\/span>\n\t\t\t\t\t\t\t\t\t\t<span class=\"elementor-icon-list-text\"><b>Hier geht es zur \u00dcbersicht aller Fokusthemen <\/b><\/span>\n\t\t\t\t\t\t\t\t\t\t\t<\/a>\n\t\t\t\t\t\t\t\t\t<\/li>\n\t\t\t\t\t\t<\/ul>\n\t\t\t\t\t\t<\/div>\n\t\t\t\t<\/div>\n\t\t\t\t\t<\/div>\n\t\t<\/div>\n\t\t\t\t\t<\/div>\n\t\t<\/section>\n\t\t\t\t<section class=\"elementor-section elementor-top-section elementor-element elementor-element-3a962c6 elementor-section-boxed elementor-section-height-default elementor-section-height-default\" data-id=\"3a962c6\" data-element_type=\"section\" data-e-type=\"section\">\n\t\t\t\t\t\t<div class=\"elementor-container elementor-column-gap-default\">\n\t\t\t\t\t<div class=\"elementor-column elementor-col-50 elementor-top-column elementor-element elementor-element-002b30a\" data-id=\"002b30a\" data-element_type=\"column\" data-e-type=\"column\">\n\t\t\t<div class=\"elementor-widget-wrap elementor-element-populated\">\n\t\t\t\t\t\t<div class=\"elementor-element elementor-element-723e108 elementor-widget elementor-widget-text-editor\" data-id=\"723e108\" data-element_type=\"widget\" data-e-type=\"widget\" data-widget_type=\"text-editor.default\">\n\t\t\t\t<div class=\"elementor-widget-container\">\n\t\t\t\t\t\t\t\t\t<h4 style=\"font-family: Roboto, sans-serif;\"><strong>planvoll sanieren, dauerhaft fertigstellen<\/strong><\/h4><p>Viele B\u00fcrger merken es t\u00e4glich: Der Zustand vieler Stra\u00dfen im Ort hat sich deutlich verschlechtert. Wichtige Bauma\u00dfnahmen f\u00fcr die Nahw\u00e4rme und die Verlegung der Glasfaser haben ihre Spuren hinterlassen. Solche Folgesch\u00e4den d\u00fcrfen nicht als Randproblem behandelt werden.<\/p><p>Unser Ansatz: Sanierungen m\u00fcssen vollst\u00e4ndig geplant und realistisch finanziert werden \u2013 mit klarem Priorit\u00e4tenplan und sauberer Abnahme, damit am Ende wieder eine intakte Stra\u00dfe zur\u00fcckbleibt.<\/p><p>Synergien wie die Sanierung\/Neuverlegung von Wasser- und Abwasserleitungen sowie m\u00f6gliche F\u00f6rderprogramme m\u00fcssen vorab gepr\u00fcft und konsequent genutzt werden. Schluss mit St\u00fcckwerk: Das verschiebt Probleme in die Zukunft und belastet am Ende B\u00fcrger und Haushalt.<\/p>\t\t\t\t\t\t\t\t<\/div>\n\t\t\t\t<\/div>\n\t\t\t\t\t<\/div>\n\t\t<\/div>\n\t\t\t\t<div class=\"elementor-column elementor-col-50 elementor-top-column elementor-element elementor-element-60ceaa8\" data-id=\"60ceaa8\" data-element_type=\"column\" data-e-type=\"column\">\n\t\t\t<div class=\"elementor-widget-wrap elementor-element-populated\">\n\t\t\t\t\t\t<div class=\"elementor-element elementor-element-887f0df elementor-widget elementor-widget-image\" data-id=\"887f0df\" data-element_type=\"widget\" data-e-type=\"widget\" data-widget_type=\"image.default\">\n\t\t\t\t<div class=\"elementor-widget-container\">\n\t\t\t\t\t\t\t\t\t\t\t\t\t\t\t<img fetchpriority=\"high\" decoding=\"async\" width=\"730\" height=\"973\" src=\"https:\/\/uwg-hausen.de\/wp-content\/uploads\/2026\/01\/Strassenschaeden-1-768x1024.jpg\" class=\"attachment-large size-large wp-image-3070\" alt=\"Stra\u00dfensch\u00e4den\" srcset=\"https:\/\/uwg-hausen.de\/wp-content\/uploads\/2026\/01\/Strassenschaeden-1-768x1024.jpg 768w, https:\/\/uwg-hausen.de\/wp-content\/uploads\/2026\/01\/Strassenschaeden-1-225x300.jpg 225w, https:\/\/uwg-hausen.de\/wp-content\/uploads\/2026\/01\/Strassenschaeden-1-1152x1536.jpg 1152w, https:\/\/uwg-hausen.de\/wp-content\/uploads\/2026\/01\/Strassenschaeden-1.jpg 1440w\" sizes=\"(max-width: 730px) 100vw, 730px\" \/>\t\t\t\t\t\t\t\t\t\t\t\t\t\t\t<\/div>\n\t\t\t\t<\/div>\n\t\t\t\t<div class=\"elementor-element elementor-element-cf07684 elementor-widget elementor-widget-text-editor\" data-id=\"cf07684\" data-element_type=\"widget\" data-e-type=\"widget\" data-widget_type=\"text-editor.default\">\n\t\t\t\t<div class=\"elementor-widget-container\">\n\t\t\t\t\t\t\t\t\t<p>Stra\u00dfenschaden Hausen, Thurner\/West\/S\u00fcdstr.<br \/>\u00a9 Roland Gar\u00e7on, Januar 2026<\/p>\t\t\t\t\t\t\t\t<\/div>\n\t\t\t\t<\/div>\n\t\t\t\t\t<\/div>\n\t\t<\/div>\n\t\t\t\t\t<\/div>\n\t\t<\/section>\n\t\t\t\t<\/div>\n\t\t","protected":false},"excerpt":{"rendered":"<p>Hier geht es zur \u00dcbersicht aller Fokusthemen planvoll sanieren, dauerhaft fertigstellen Viele B\u00fcrger merken es t\u00e4glich: Der Zustand vieler Stra\u00dfen im Ort hat sich deutlich verschlechtert. Wichtige Bauma\u00dfnahmen f\u00fcr die <a class=\"more-link\" href=\"https:\/\/uwg-hausen.de\/?page_id=2977\">Weiterlesen <i class=\"fa fa-chevron-right\"><\/i><\/a><\/p>\n","protected":false},"author":11,"featured_media":0,"parent":0,"menu_order":0,"comment_status":"closed","ping_status":"closed","template":"","meta":{"_eb_attr":"","footnotes":""},"class_list":["post-2977","page","type-page","status-publish","hentry"],"_links":{"self":[{"href":"https:\/\/uwg-hausen.de\/index.php?rest_route=\/wp\/v2\/pages\/2977","targetHints":{"allow":["GET"]}}],"collection":[{"href":"https:\/\/uwg-hausen.de\/index.php?rest_route=\/wp\/v2\/pages"}],"about":[{"href":"https:\/\/uwg-hausen.de\/index.php?rest_route=\/wp\/v2\/types\/page"}],"author":[{"embeddable":true,"href":"https:\/\/uwg-hausen.de\/index.php?rest_route=\/wp\/v2\/users\/11"}],"replies":[{"embeddable":true,"href":"https:\/\/uwg-hausen.de\/index.php?rest_route=%2Fwp%2Fv2%2Fcomments&post=2977"}],"version-history":[{"count":22,"href":"https:\/\/uwg-hausen.de\/index.php?rest_route=\/wp\/v2\/pages\/2977\/revisions"}],"predecessor-version":[{"id":3284,"href":"https:\/\/uwg-hausen.de\/index.php?rest_route=\/wp\/v2\/pages\/2977\/revisions\/3284"}],"wp:attachment":[{"href":"https:\/\/uwg-hausen.de\/index.php?rest_route=%2Fwp%2Fv2%2Fmedia&parent=2977"}],"curies":[{"name":"wp","href":"https:\/\/api.w.org\/{rel}","templated":true}]}}