{"id":2975,"date":"2026-01-31T13:21:07","date_gmt":"2026-01-31T12:21:07","guid":{"rendered":"https:\/\/uwg-hausen.de\/?page_id=2975"},"modified":"2026-01-31T18:32:15","modified_gmt":"2026-01-31T17:32:15","slug":"nahwaerme","status":"publish","type":"page","link":"https:\/\/uwg-hausen.de\/?page_id=2975","title":{"rendered":"Nahw\u00e4rme"},"content":{"rendered":"\t\t<div data-elementor-type=\"wp-page\" data-elementor-id=\"2975\" class=\"elementor elementor-2975\" data-elementor-post-type=\"page\">\n\t\t\t\t\t\t<section class=\"elementor-section elementor-top-section elementor-element elementor-element-4aef601 elementor-section-boxed elementor-section-height-default elementor-section-height-default\" data-id=\"4aef601\" data-element_type=\"section\" data-e-type=\"section\">\n\t\t\t\t\t\t<div class=\"elementor-container elementor-column-gap-default\">\n\t\t\t\t\t<div class=\"elementor-column elementor-col-100 elementor-top-column elementor-element elementor-element-09c5dd8\" data-id=\"09c5dd8\" data-element_type=\"column\" data-e-type=\"column\">\n\t\t\t<div class=\"elementor-widget-wrap elementor-element-populated\">\n\t\t\t\t\t\t<div class=\"elementor-element elementor-element-54ab2fd elementor-icon-list--layout-traditional elementor-list-item-link-full_width elementor-widget elementor-widget-icon-list\" data-id=\"54ab2fd\" data-element_type=\"widget\" data-e-type=\"widget\" data-widget_type=\"icon-list.default\">\n\t\t\t\t<div class=\"elementor-widget-container\">\n\t\t\t\t\t\t\t<ul class=\"elementor-icon-list-items\">\n\t\t\t\t\t\t\t<li class=\"elementor-icon-list-item\">\n\t\t\t\t\t\t\t\t\t\t\t<a href=\"https:\/\/uwg-hausen.de\/?page_id=3206\">\n\n\t\t\t\t\t\t\t\t\t\t\t\t<span class=\"elementor-icon-list-icon\">\n\t\t\t\t\t\t\t<i aria-hidden=\"true\" class=\"fas fa-arrow-left\"><\/i>\t\t\t\t\t\t<\/span>\n\t\t\t\t\t\t\t\t\t\t<span class=\"elementor-icon-list-text\"><b>Hier geht es zur \u00dcbersicht aller Fokusthemen <\/b><\/span>\n\t\t\t\t\t\t\t\t\t\t\t<\/a>\n\t\t\t\t\t\t\t\t\t<\/li>\n\t\t\t\t\t\t<\/ul>\n\t\t\t\t\t\t<\/div>\n\t\t\t\t<\/div>\n\t\t\t\t\t<\/div>\n\t\t<\/div>\n\t\t\t\t\t<\/div>\n\t\t<\/section>\n\t\t\t\t<section class=\"elementor-section elementor-top-section elementor-element elementor-element-ae9a6ca elementor-section-boxed elementor-section-height-default elementor-section-height-default\" data-id=\"ae9a6ca\" data-element_type=\"section\" data-e-type=\"section\">\n\t\t\t\t\t\t<div class=\"elementor-container elementor-column-gap-default\">\n\t\t\t\t\t<div class=\"elementor-column elementor-col-50 elementor-top-column elementor-element elementor-element-cc025d6\" data-id=\"cc025d6\" data-element_type=\"column\" data-e-type=\"column\">\n\t\t\t<div class=\"elementor-widget-wrap elementor-element-populated\">\n\t\t\t\t\t\t<div class=\"elementor-element elementor-element-d2bf1af elementor-widget elementor-widget-text-editor\" data-id=\"d2bf1af\" data-element_type=\"widget\" data-e-type=\"widget\" data-widget_type=\"text-editor.default\">\n\t\t\t\t<div class=\"elementor-widget-container\">\n\t\t\t\t\t\t\t\t\t<h4><strong>Transparenz, Kontrolle, faire Kosten<\/strong><\/h4><p>Die Nahw\u00e4rme ist ein wichtiges, langfristiges Projekt f\u00fcr Hausen. Umso wichtiger ist ein verl\u00e4sslicher Rahmen, der Kosten, Zust\u00e4ndigkeiten und Verantwortung nachvollziehbar macht. Die Nahw\u00e4rme wird \u00fcber eine eigene GmbH betrieben und unterliegt damit nur noch eingeschr\u00e4nkt der Kontrolle des Gemeinderats. Diese Konstruktion betrachten wir kritisch \u2013 vor allem, weil die Gemeinde \u00fcber eine <strong>B\u00fcrgschaft in Millionenh\u00f6he <\/strong>mit im Risiko steht. Damit geht es nicht nur um einzelne Anschlussnehmer, sondern um den gesamten Gemeindehaushalt. <strong>Genau hier hakt es in der Praxis: <\/strong>Selbst bei mehrfacher Nachfrage ist im Gemeinderat bislang nicht transparent, wie viele Anschlussvertr\u00e4ge final unterschrieben sind. Solche Kernzahlen m\u00fcssen verf\u00fcgbar sein, damit langfristig geplant werde kann.<\/p><p><strong>Unser Ansatz ist klar: <\/strong>Transparenz statt Nachfragen. Regelm\u00e4\u00dfige, verst\u00e4ndliche Informationen \u00fcber Anschlusszahlen, Kostenentwicklung, Preis-\/Brennstoffrisiken und den wirtschaftlichen Stand der GmbH \u2013 damit Gemeinderat und B\u00fcrger fr\u00fch sehen, wohin sich das Projekt entwickelt, und rechtzeitig gegensteuern k\u00f6nnen. Wir setzen uns f\u00fcr klare Zust\u00e4ndigkeiten und wirksame Kontrollrechte ein, damit die Nahw\u00e4rme fair, verl\u00e4sslich und bezahlbar bleibt.<\/p>\t\t\t\t\t\t\t\t<\/div>\n\t\t\t\t<\/div>\n\t\t\t\t\t<\/div>\n\t\t<\/div>\n\t\t\t\t<div class=\"elementor-column elementor-col-50 elementor-top-column elementor-element elementor-element-a001be9\" data-id=\"a001be9\" data-element_type=\"column\" data-e-type=\"column\">\n\t\t\t<div class=\"elementor-widget-wrap elementor-element-populated\">\n\t\t\t\t\t\t<div class=\"elementor-element elementor-element-3199c93 elementor-widget elementor-widget-image\" data-id=\"3199c93\" data-element_type=\"widget\" data-e-type=\"widget\" data-widget_type=\"image.default\">\n\t\t\t\t<div class=\"elementor-widget-container\">\n\t\t\t\t\t\t\t\t\t\t\t\t<figure class=\"wp-caption\">\n\t\t\t\t\t\t\t\t\t\t<img fetchpriority=\"high\" decoding=\"async\" width=\"1295\" height=\"2075\" src=\"https:\/\/uwg-hausen.de\/wp-content\/uploads\/2026\/01\/Nahwaerme-Hausen.jpg\" class=\"attachment-full size-full wp-image-3194\" alt=\"Nahw\u00e4rme Hausen\" srcset=\"https:\/\/uwg-hausen.de\/wp-content\/uploads\/2026\/01\/Nahwaerme-Hausen.jpg 1295w, https:\/\/uwg-hausen.de\/wp-content\/uploads\/2026\/01\/Nahwaerme-Hausen-187x300.jpg 187w, https:\/\/uwg-hausen.de\/wp-content\/uploads\/2026\/01\/Nahwaerme-Hausen-639x1024.jpg 639w, https:\/\/uwg-hausen.de\/wp-content\/uploads\/2026\/01\/Nahwaerme-Hausen-768x1231.jpg 768w, https:\/\/uwg-hausen.de\/wp-content\/uploads\/2026\/01\/Nahwaerme-Hausen-959x1536.jpg 959w, https:\/\/uwg-hausen.de\/wp-content\/uploads\/2026\/01\/Nahwaerme-Hausen-1278x2048.jpg 1278w\" sizes=\"(max-width: 1295px) 100vw, 1295px\" \/>\t\t\t\t\t\t\t\t\t\t\t<figcaption class=\"widget-image-caption wp-caption-text\">Nahw\u00e4rme Hausen \u00a9 M. Pr\u00f6tzsch, Januar 2026<\/figcaption>\n\t\t\t\t\t\t\t\t\t\t<\/figure>\n\t\t\t\t\t\t\t\t\t<\/div>\n\t\t\t\t<\/div>\n\t\t\t\t\t<\/div>\n\t\t<\/div>\n\t\t\t\t\t<\/div>\n\t\t<\/section>\n\t\t\t\t<\/div>\n\t\t","protected":false},"excerpt":{"rendered":"<p>Hier geht es zur \u00dcbersicht aller Fokusthemen Transparenz, Kontrolle, faire Kosten Die Nahw\u00e4rme ist ein wichtiges, langfristiges Projekt f\u00fcr Hausen. Umso wichtiger ist ein verl\u00e4sslicher Rahmen, der Kosten, Zust\u00e4ndigkeiten und <a class=\"more-link\" href=\"https:\/\/uwg-hausen.de\/?page_id=2975\">Weiterlesen <i class=\"fa fa-chevron-right\"><\/i><\/a><\/p>\n","protected":false},"author":11,"featured_media":0,"parent":2969,"menu_order":0,"comment_status":"closed","ping_status":"closed","template":"","meta":{"_eb_attr":"","footnotes":""},"class_list":["post-2975","page","type-page","status-publish","hentry"],"_links":{"self":[{"href":"https:\/\/uwg-hausen.de\/index.php?rest_route=\/wp\/v2\/pages\/2975","targetHints":{"allow":["GET"]}}],"collection":[{"href":"https:\/\/uwg-hausen.de\/index.php?rest_route=\/wp\/v2\/pages"}],"about":[{"href":"https:\/\/uwg-hausen.de\/index.php?rest_route=\/wp\/v2\/types\/page"}],"author":[{"embeddable":true,"href":"https:\/\/uwg-hausen.de\/index.php?rest_route=\/wp\/v2\/users\/11"}],"replies":[{"embeddable":true,"href":"https:\/\/uwg-hausen.de\/index.php?rest_route=%2Fwp%2Fv2%2Fcomments&post=2975"}],"version-history":[{"count":13,"href":"https:\/\/uwg-hausen.de\/index.php?rest_route=\/wp\/v2\/pages\/2975\/revisions"}],"predecessor-version":[{"id":3287,"href":"https:\/\/uwg-hausen.de\/index.php?rest_route=\/wp\/v2\/pages\/2975\/revisions\/3287"}],"up":[{"embeddable":true,"href":"https:\/\/uwg-hausen.de\/index.php?rest_route=\/wp\/v2\/pages\/2969"}],"wp:attachment":[{"href":"https:\/\/uwg-hausen.de\/index.php?rest_route=%2Fwp%2Fv2%2Fmedia&parent=2975"}],"curies":[{"name":"wp","href":"https:\/\/api.w.org\/{rel}","templated":true}]}}