{"id":2973,"date":"2026-01-30T17:59:22","date_gmt":"2026-01-30T16:59:22","guid":{"rendered":"https:\/\/uwg-hausen.de\/?page_id=2973"},"modified":"2026-01-31T18:32:31","modified_gmt":"2026-01-31T17:32:31","slug":"infrastruktur-starkregenschutz","status":"publish","type":"page","link":"https:\/\/uwg-hausen.de\/?page_id=2973","title":{"rendered":"Infrastruktur &amp; Starkregenschutz"},"content":{"rendered":"\t\t<div data-elementor-type=\"wp-page\" data-elementor-id=\"2973\" class=\"elementor elementor-2973\" data-elementor-post-type=\"page\">\n\t\t\t\t\t\t<section class=\"elementor-section elementor-top-section elementor-element elementor-element-0c7aa87 elementor-section-boxed elementor-section-height-default elementor-section-height-default\" data-id=\"0c7aa87\" data-element_type=\"section\" data-e-type=\"section\">\n\t\t\t\t\t\t<div class=\"elementor-container elementor-column-gap-default\">\n\t\t\t\t\t<div class=\"elementor-column elementor-col-100 elementor-top-column elementor-element elementor-element-187cbe8\" data-id=\"187cbe8\" data-element_type=\"column\" data-e-type=\"column\">\n\t\t\t<div class=\"elementor-widget-wrap elementor-element-populated\">\n\t\t\t\t\t\t<div class=\"elementor-element elementor-element-c4a1a0e elementor-icon-list--layout-traditional elementor-list-item-link-full_width elementor-widget elementor-widget-icon-list\" data-id=\"c4a1a0e\" data-element_type=\"widget\" data-e-type=\"widget\" data-widget_type=\"icon-list.default\">\n\t\t\t\t<div class=\"elementor-widget-container\">\n\t\t\t\t\t\t\t<ul class=\"elementor-icon-list-items\">\n\t\t\t\t\t\t\t<li class=\"elementor-icon-list-item\">\n\t\t\t\t\t\t\t\t\t\t\t<a href=\"https:\/\/uwg-hausen.de\/?page_id=3206\">\n\n\t\t\t\t\t\t\t\t\t\t\t\t<span class=\"elementor-icon-list-icon\">\n\t\t\t\t\t\t\t<i aria-hidden=\"true\" class=\"fas fa-arrow-left\"><\/i>\t\t\t\t\t\t<\/span>\n\t\t\t\t\t\t\t\t\t\t<span class=\"elementor-icon-list-text\"><b>Hier geht es zur \u00dcbersicht aller Fokusthemen <\/b><\/span>\n\t\t\t\t\t\t\t\t\t\t\t<\/a>\n\t\t\t\t\t\t\t\t\t<\/li>\n\t\t\t\t\t\t<\/ul>\n\t\t\t\t\t\t<\/div>\n\t\t\t\t<\/div>\n\t\t\t\t\t<\/div>\n\t\t<\/div>\n\t\t\t\t\t<\/div>\n\t\t<\/section>\n\t\t\t\t<section class=\"elementor-section elementor-top-section elementor-element elementor-element-f5ee458 elementor-section-boxed elementor-section-height-default elementor-section-height-default\" data-id=\"f5ee458\" data-element_type=\"section\" data-e-type=\"section\">\n\t\t\t\t\t\t<div class=\"elementor-container elementor-column-gap-default\">\n\t\t\t\t\t<div class=\"elementor-column elementor-col-50 elementor-top-column elementor-element elementor-element-e5ca761\" data-id=\"e5ca761\" data-element_type=\"column\" data-e-type=\"column\">\n\t\t\t<div class=\"elementor-widget-wrap elementor-element-populated\">\n\t\t\t\t\t\t<div class=\"elementor-element elementor-element-4c4c05f elementor-widget elementor-widget-text-editor\" data-id=\"4c4c05f\" data-element_type=\"widget\" data-e-type=\"widget\" data-widget_type=\"text-editor.default\">\n\t\t\t\t<div class=\"elementor-widget-container\">\n\t\t\t\t\t\t\t\t\t<h4><strong>gemeinsam handeln, statt jeder f\u00fcr sich<\/strong><\/h4><p>Starkregen macht nicht an der Gemeindegrenze halt. Die Grafik zeigt, wie h\u00e4ufig Ereignisse k\u00fcnftig auftreten k\u00f6nnen und welche Folgen extreme Regenf\u00e4lle f\u00fcr Hausen haben. z.B. w\u00e4hrend des Starkregens im Jahr 2018.<\/p><p>Auf Druck der UWG hat Hausen in Fr\u00fchwarnung und Sensoren investiert \u2013 ein wichtiger Schritt. Doch<\/p><p>Heroldsbach liegt bachaufw\u00e4rts: Ohne wirksame R\u00fcckhaltema\u00dfnahmen dort und ohne Abstimmung auf F\u00fchrungsebene kommt das Wasser weiterhin \u201evon oben\u201c, auch wenn wir fr\u00fcher gewarnt sind. Entsprechende Gespr\u00e4che haben bislang nicht stattgefunden.<\/p><p>Entscheidend ist die klare Einordnung: 2018 war gepr\u00e4gt von Starkregen und Sturzflut. Das Wasser kam nicht nur aus dem Bach, sondern fl\u00e4chig \u00fcber Stra\u00dfen, Senken und Flie\u00dfwege. Sensoren k\u00f6nnen warnen, aber kein Wasser zur\u00fcckhalten oder abgestimmte Schutzma\u00dfnahmen ersetzen. Starkregen ist zudem ein anderes Risiko als Bach- oder Flusshochwasser; eine \u00fcberlastete Kanalisation kann die Sch\u00e4den zus\u00e4tzlich verst\u00e4rken.<\/p><p><b>Deshalb braucht es:<\/b> Neben Warnsystemen vor allem abgestimmte Ma\u00dfnahmen, die Wasser tats\u00e4chlich zur\u00fcckhalten. Schutz funktioniert nur gemeinsam \u2013 und darf nicht an der Gemeindegrenze enden.<\/p><p>Die Simulation aus dem Bayernatlas verdeutlicht die m\u00f6glichen Auswirkungen eines Starkregenereignisses mit Hochwasser f\u00fcr die Gemeinde Hausen.\u00a0<\/p>\t\t\t\t\t\t\t\t<\/div>\n\t\t\t\t<\/div>\n\t\t\t\t\t<\/div>\n\t\t<\/div>\n\t\t\t\t<div class=\"elementor-column elementor-col-50 elementor-top-column elementor-element elementor-element-0cdb1db\" data-id=\"0cdb1db\" data-element_type=\"column\" data-e-type=\"column\">\n\t\t\t<div class=\"elementor-widget-wrap elementor-element-populated\">\n\t\t\t\t\t\t<div class=\"elementor-element elementor-element-1bd13b3 elementor-widget elementor-widget-image\" data-id=\"1bd13b3\" data-element_type=\"widget\" data-e-type=\"widget\" data-widget_type=\"image.default\">\n\t\t\t\t<div class=\"elementor-widget-container\">\n\t\t\t\t\t\t\t\t\t\t\t\t<figure class=\"wp-caption\">\n\t\t\t\t\t\t\t\t\t\t\t<a href=\"http:\/\/uwg-hausen.de\/wp-content\/uploads\/2026\/01\/Starkregen-hochkant-neu-scaled-scaled-scaled-scaled.jpg?ver=1769793919\">\n\t\t\t\t\t\t\t<img fetchpriority=\"high\" decoding=\"async\" width=\"1353\" height=\"2560\" src=\"https:\/\/uwg-hausen.de\/wp-content\/uploads\/2026\/01\/Starkregen-hochkant-neu-scaled-scaled-scaled-scaled.jpg?ver=1769793919\" class=\"elementor-animation-grow attachment-full size-full wp-image-3129\" alt=\"Starkregengefahr\" srcset=\"https:\/\/uwg-hausen.de\/wp-content\/uploads\/2026\/01\/Starkregen-hochkant-neu-scaled-scaled-scaled-scaled.jpg 1353w, https:\/\/uwg-hausen.de\/wp-content\/uploads\/2026\/01\/Starkregen-hochkant-neu-scaled-scaled-scaled-159x300.jpg 159w, https:\/\/uwg-hausen.de\/wp-content\/uploads\/2026\/01\/Starkregen-hochkant-neu-scaled-scaled-scaled-541x1024.jpg 541w, https:\/\/uwg-hausen.de\/wp-content\/uploads\/2026\/01\/Starkregen-hochkant-neu-scaled-scaled-scaled-768x1453.jpg 768w, https:\/\/uwg-hausen.de\/wp-content\/uploads\/2026\/01\/Starkregen-hochkant-neu-scaled-scaled-scaled-812x1536.jpg 812w, https:\/\/uwg-hausen.de\/wp-content\/uploads\/2026\/01\/Starkregen-hochkant-neu-scaled-scaled-scaled-1082x2048.jpg 1082w\" sizes=\"(max-width: 1353px) 100vw, 1353px\" \/>\t\t\t\t\t\t\t\t<\/a>\n\t\t\t\t\t\t\t\t\t\t\t<figcaption class=\"widget-image-caption wp-caption-text\">Quelle\/Grundlagen: Deutscher Wetterdienst (DWD): Regionalzuordnung f\u00fcr S\u00fcddeutschland\/Bayern; Ereignis-Gr\u00f6\u00dfenordnung mit Wiederkehrzeit T~ 25-30 Jahre; Landesamt f\u00fcr Umwelt Bayern (LfU Bayern)<\/figcaption>\n\t\t\t\t\t\t\t\t\t\t<\/figure>\n\t\t\t\t\t\t\t\t\t<\/div>\n\t\t\t\t<\/div>\n\t\t\t\t<div class=\"elementor-element elementor-element-be798ea elementor-widget elementor-widget-image\" data-id=\"be798ea\" data-element_type=\"widget\" data-e-type=\"widget\" data-widget_type=\"image.default\">\n\t\t\t\t<div class=\"elementor-widget-container\">\n\t\t\t\t\t\t\t\t\t\t\t\t<figure class=\"wp-caption\">\n\t\t\t\t\t\t\t\t\t\t\t<a href=\"http:\/\/uwg-hausen.de\/wp-content\/uploads\/2026\/01\/HQ100-Starkregenabfluss-Hausen.png\" data-elementor-open-lightbox=\"yes\" data-elementor-lightbox-title=\"HQ100 &amp; Starkregenabfluss Hausen\" data-e-action-hash=\"#elementor-action%3Aaction%3Dlightbox%26settings%3DeyJpZCI6MzE2MSwidXJsIjoiaHR0cHM6XC9cL3V3Zy1oYXVzZW4uZGVcL3dwLWNvbnRlbnRcL3VwbG9hZHNcLzIwMjZcLzAxXC9IUTEwMC1TdGFya3JlZ2VuYWJmbHVzcy1IYXVzZW4ucG5nIn0%3D\">\n\t\t\t\t\t\t\t<img decoding=\"async\" width=\"1236\" height=\"713\" src=\"https:\/\/uwg-hausen.de\/wp-content\/uploads\/2026\/01\/HQ100-Starkregenabfluss-Hausen.png\" class=\"elementor-animation-grow attachment-full size-full wp-image-3161\" alt=\"HQ100 &amp; Starkregenabfluss Hausen - Bayernatlas\" srcset=\"https:\/\/uwg-hausen.de\/wp-content\/uploads\/2026\/01\/HQ100-Starkregenabfluss-Hausen.png 1236w, https:\/\/uwg-hausen.de\/wp-content\/uploads\/2026\/01\/HQ100-Starkregenabfluss-Hausen-300x173.png 300w, https:\/\/uwg-hausen.de\/wp-content\/uploads\/2026\/01\/HQ100-Starkregenabfluss-Hausen-1024x591.png 1024w, https:\/\/uwg-hausen.de\/wp-content\/uploads\/2026\/01\/HQ100-Starkregenabfluss-Hausen-768x443.png 768w\" sizes=\"(max-width: 1236px) 100vw, 1236px\" \/>\t\t\t\t\t\t\t\t<\/a>\n\t\t\t\t\t\t\t\t\t\t\t<figcaption class=\"widget-image-caption wp-caption-text\">HQ100 Simulation mit Starkregenabfluss - Bayernatlas 2026<\/figcaption>\n\t\t\t\t\t\t\t\t\t\t<\/figure>\n\t\t\t\t\t\t\t\t\t<\/div>\n\t\t\t\t<\/div>\n\t\t\t\t\t<\/div>\n\t\t<\/div>\n\t\t\t\t\t<\/div>\n\t\t<\/section>\n\t\t\t\t<section class=\"elementor-section elementor-top-section elementor-element elementor-element-8652282 elementor-section-boxed elementor-section-height-default elementor-section-height-default\" data-id=\"8652282\" data-element_type=\"section\" data-e-type=\"section\">\n\t\t\t\t\t\t<div class=\"elementor-container elementor-column-gap-default\">\n\t\t\t\t\t<div class=\"elementor-column elementor-col-100 elementor-top-column elementor-element elementor-element-fa5a351\" data-id=\"fa5a351\" data-element_type=\"column\" data-e-type=\"column\">\n\t\t\t<div class=\"elementor-widget-wrap\">\n\t\t\t\t\t\t\t<\/div>\n\t\t<\/div>\n\t\t\t\t\t<\/div>\n\t\t<\/section>\n\t\t\t\t<\/div>\n\t\t","protected":false},"excerpt":{"rendered":"<p>Hier geht es zur \u00dcbersicht aller Fokusthemen gemeinsam handeln, statt jeder f\u00fcr sich Starkregen macht nicht an der Gemeindegrenze halt. Die Grafik zeigt, wie h\u00e4ufig Ereignisse k\u00fcnftig auftreten k\u00f6nnen und <a class=\"more-link\" href=\"https:\/\/uwg-hausen.de\/?page_id=2973\">Weiterlesen <i class=\"fa fa-chevron-right\"><\/i><\/a><\/p>\n","protected":false},"author":11,"featured_media":0,"parent":0,"menu_order":0,"comment_status":"closed","ping_status":"closed","template":"","meta":{"_eb_attr":"","footnotes":""},"class_list":["post-2973","page","type-page","status-publish","hentry"],"_links":{"self":[{"href":"https:\/\/uwg-hausen.de\/index.php?rest_route=\/wp\/v2\/pages\/2973","targetHints":{"allow":["GET"]}}],"collection":[{"href":"https:\/\/uwg-hausen.de\/index.php?rest_route=\/wp\/v2\/pages"}],"about":[{"href":"https:\/\/uwg-hausen.de\/index.php?rest_route=\/wp\/v2\/types\/page"}],"author":[{"embeddable":true,"href":"https:\/\/uwg-hausen.de\/index.php?rest_route=\/wp\/v2\/users\/11"}],"replies":[{"embeddable":true,"href":"https:\/\/uwg-hausen.de\/index.php?rest_route=%2Fwp%2Fv2%2Fcomments&post=2973"}],"version-history":[{"count":34,"href":"https:\/\/uwg-hausen.de\/index.php?rest_route=\/wp\/v2\/pages\/2973\/revisions"}],"predecessor-version":[{"id":3290,"href":"https:\/\/uwg-hausen.de\/index.php?rest_route=\/wp\/v2\/pages\/2973\/revisions\/3290"}],"wp:attachment":[{"href":"https:\/\/uwg-hausen.de\/index.php?rest_route=%2Fwp%2Fv2%2Fmedia&parent=2973"}],"curies":[{"name":"wp","href":"https:\/\/api.w.org\/{rel}","templated":true}]}}