{"id":2971,"date":"2026-01-31T13:10:38","date_gmt":"2026-01-31T12:10:38","guid":{"rendered":"https:\/\/uwg-hausen.de\/?page_id=2971"},"modified":"2026-01-31T18:31:45","modified_gmt":"2026-01-31T17:31:45","slug":"finanzen","status":"publish","type":"page","link":"https:\/\/uwg-hausen.de\/?page_id=2971","title":{"rendered":"Finanzen"},"content":{"rendered":"\t\t<div data-elementor-type=\"wp-page\" data-elementor-id=\"2971\" class=\"elementor elementor-2971\" data-elementor-post-type=\"page\">\n\t\t\t\t\t\t<section class=\"elementor-section elementor-top-section elementor-element elementor-element-e03c3d3 elementor-section-boxed elementor-section-height-default elementor-section-height-default\" data-id=\"e03c3d3\" data-element_type=\"section\" data-e-type=\"section\">\n\t\t\t\t\t\t<div class=\"elementor-container elementor-column-gap-default\">\n\t\t\t\t\t<div class=\"elementor-column elementor-col-100 elementor-top-column elementor-element elementor-element-b17078a\" data-id=\"b17078a\" data-element_type=\"column\" data-e-type=\"column\">\n\t\t\t<div class=\"elementor-widget-wrap elementor-element-populated\">\n\t\t\t\t\t\t<div class=\"elementor-element elementor-element-b2ab1e1 elementor-icon-list--layout-traditional elementor-list-item-link-full_width elementor-widget elementor-widget-icon-list\" data-id=\"b2ab1e1\" data-element_type=\"widget\" data-e-type=\"widget\" data-widget_type=\"icon-list.default\">\n\t\t\t\t<div class=\"elementor-widget-container\">\n\t\t\t\t\t\t\t<ul class=\"elementor-icon-list-items\">\n\t\t\t\t\t\t\t<li class=\"elementor-icon-list-item\">\n\t\t\t\t\t\t\t\t\t\t\t<a href=\"https:\/\/uwg-hausen.de\/?page_id=3206\">\n\n\t\t\t\t\t\t\t\t\t\t\t\t<span class=\"elementor-icon-list-icon\">\n\t\t\t\t\t\t\t<i aria-hidden=\"true\" class=\"fas fa-arrow-left\"><\/i>\t\t\t\t\t\t<\/span>\n\t\t\t\t\t\t\t\t\t\t<span class=\"elementor-icon-list-text\"><b>Hier geht es zur \u00dcbersicht aller Fokusthemen <\/b><\/span>\n\t\t\t\t\t\t\t\t\t\t\t<\/a>\n\t\t\t\t\t\t\t\t\t<\/li>\n\t\t\t\t\t\t<\/ul>\n\t\t\t\t\t\t<\/div>\n\t\t\t\t<\/div>\n\t\t\t\t\t<\/div>\n\t\t<\/div>\n\t\t\t\t\t<\/div>\n\t\t<\/section>\n\t\t\t\t<section class=\"elementor-section elementor-top-section elementor-element elementor-element-755827e elementor-section-boxed elementor-section-height-default elementor-section-height-default\" data-id=\"755827e\" data-element_type=\"section\" data-e-type=\"section\">\n\t\t\t\t\t\t<div class=\"elementor-container elementor-column-gap-default\">\n\t\t\t\t\t<div class=\"elementor-column elementor-col-50 elementor-top-column elementor-element elementor-element-36ff13e\" data-id=\"36ff13e\" data-element_type=\"column\" data-e-type=\"column\">\n\t\t\t<div class=\"elementor-widget-wrap elementor-element-populated\">\n\t\t\t\t\t\t<div class=\"elementor-element elementor-element-4154002 elementor-widget elementor-widget-text-editor\" data-id=\"4154002\" data-element_type=\"widget\" data-e-type=\"widget\" data-widget_type=\"text-editor.default\">\n\t\t\t\t<div class=\"elementor-widget-container\">\n\t\t\t\t\t\t\t\t\t<h3><strong>von schuldenfrei zu wachsender Belastung<\/strong><\/h3><p>Hausen war 2022 schuldenfrei \u2013 inzwischen wird eine zweistellige Millionenverschuldung berichtet, mit einer Pro-Kopf-Verschuldung von \u00fcber 3.000 \u20ac. Zus\u00e4tzlich wurde eine B\u00fcrgschaft von \u00fcber 2,8 Mio. \u20ac f\u00fcr die Nahw\u00e4rme Hausen GmbH genehmigt.<\/p><p>Investitionen sind wichtig \u2013 aber in der heutigen Wirtschaftslage ist sorgsamer Umgang damit entscheidend. Bauliche Projekte wie das Gemeindezentrum, das zu einem Prestigebau aufgebl\u00e4ht wurde, m\u00fcssen k\u00fcnftig bedachter und g\u00fcnstiger geplant werden.<\/p><p><strong>Gro\u00dfprojekte brauchen einen klaren Kompass:<\/strong> Transparent planen, Risiken fr\u00fch erkennen und Entscheidungen nachvollziehbar machen. Daf\u00fcr stehen wir \u2013 sachlich, verl\u00e4sslich und mit Blick auf Haushalt und Zukunft von Hausen &amp; Wimmelbach.<\/p><p><strong>Darum fordern wir regelm\u00e4\u00dfige \u00f6ffentliche<\/strong> <strong>Berichterstattung: <\/strong>Was war geplant? Wird es teurer \u2013und warum? Und was bedeutet das konkret f\u00fcr Haushalt und B\u00fcrger? Transparenz muss von Anfang an selbstverst\u00e4ndlich sein.<\/p><p><strong>Unser Versprechen: <\/strong>Klare Zahlen statt \u00dcberraschungen \u2013 und Entscheidungen, die jede B\u00fcrgerin und jeder B\u00fcrger nachvollziehen kann.<\/p>\t\t\t\t\t\t\t\t<\/div>\n\t\t\t\t<\/div>\n\t\t\t\t\t<\/div>\n\t\t<\/div>\n\t\t\t\t<div class=\"elementor-column elementor-col-50 elementor-top-column elementor-element elementor-element-de41fc9\" data-id=\"de41fc9\" data-element_type=\"column\" data-e-type=\"column\">\n\t\t\t<div class=\"elementor-widget-wrap elementor-element-populated\">\n\t\t\t\t\t\t<div class=\"elementor-element elementor-element-b36c964 elementor-widget elementor-widget-image\" data-id=\"b36c964\" data-element_type=\"widget\" data-e-type=\"widget\" data-widget_type=\"image.default\">\n\t\t\t\t<div class=\"elementor-widget-container\">\n\t\t\t\t\t\t\t\t\t\t\t\t<figure class=\"wp-caption\">\n\t\t\t\t\t\t\t\t\t\t\t<a href=\"http:\/\/uwg-hausen.de\/wp-content\/uploads\/2026\/01\/UWG-Hausen_NotebookLM-KI-Analyse_Schuldenkompass_Fullsize-scaled.jpg\" data-elementor-open-lightbox=\"yes\" data-elementor-lightbox-title=\"UWG-Hausen_Schuldenkompass2026\" data-elementor-lightbox-description=\"Finanz-Kompass - Hausen \u00a9 L. Hofmann, M. Pr\u00f6tzsch, 2026\nImage based on KI, edited by M.Pr\u00f6tzsch\" data-e-action-hash=\"#elementor-action%3Aaction%3Dlightbox%26settings%3DeyJpZCI6MzE0MSwidXJsIjoiaHR0cHM6XC9cL3V3Zy1oYXVzZW4uZGVcL3dwLWNvbnRlbnRcL3VwbG9hZHNcLzIwMjZcLzAxXC9VV0ctSGF1c2VuX05vdGVib29rTE0tS0ktQW5hbHlzZV9TY2h1bGRlbmtvbXBhc3NfRnVsbHNpemUtc2NhbGVkLmpwZyJ9\">\n\t\t\t\t\t\t\t<img fetchpriority=\"high\" decoding=\"async\" width=\"1399\" height=\"2560\" src=\"https:\/\/uwg-hausen.de\/wp-content\/uploads\/2026\/01\/UWG-Hausen_NotebookLM-KI-Analyse_Schuldenkompass_Fullsize-scaled.jpg\" class=\"elementor-animation-grow attachment-full size-full wp-image-3141\" alt=\"Finanz-Kompass f\u00fcr Hausen 2026\" srcset=\"https:\/\/uwg-hausen.de\/wp-content\/uploads\/2026\/01\/UWG-Hausen_NotebookLM-KI-Analyse_Schuldenkompass_Fullsize-scaled.jpg 1399w, https:\/\/uwg-hausen.de\/wp-content\/uploads\/2026\/01\/UWG-Hausen_NotebookLM-KI-Analyse_Schuldenkompass_Fullsize-164x300.jpg 164w, https:\/\/uwg-hausen.de\/wp-content\/uploads\/2026\/01\/UWG-Hausen_NotebookLM-KI-Analyse_Schuldenkompass_Fullsize-560x1024.jpg 560w, https:\/\/uwg-hausen.de\/wp-content\/uploads\/2026\/01\/UWG-Hausen_NotebookLM-KI-Analyse_Schuldenkompass_Fullsize-768x1406.jpg 768w, https:\/\/uwg-hausen.de\/wp-content\/uploads\/2026\/01\/UWG-Hausen_NotebookLM-KI-Analyse_Schuldenkompass_Fullsize-839x1536.jpg 839w, https:\/\/uwg-hausen.de\/wp-content\/uploads\/2026\/01\/UWG-Hausen_NotebookLM-KI-Analyse_Schuldenkompass_Fullsize-1119x2048.jpg 1119w\" sizes=\"(max-width: 1399px) 100vw, 1399px\" \/>\t\t\t\t\t\t\t\t<\/a>\n\t\t\t\t\t\t\t\t\t\t\t<figcaption class=\"widget-image-caption wp-caption-text\">Finanz-Kompass f\u00fcr Hausen 2026 \u00a9 L. Hofmann, M. Pr\u00f6tzsch, 2026<\/figcaption>\n\t\t\t\t\t\t\t\t\t\t<\/figure>\n\t\t\t\t\t\t\t\t\t<\/div>\n\t\t\t\t<\/div>\n\t\t\t\t\t<\/div>\n\t\t<\/div>\n\t\t\t\t\t<\/div>\n\t\t<\/section>\n\t\t\t\t<\/div>\n\t\t","protected":false},"excerpt":{"rendered":"<p>Hier geht es zur \u00dcbersicht aller Fokusthemen von schuldenfrei zu wachsender Belastung Hausen war 2022 schuldenfrei \u2013 inzwischen wird eine zweistellige Millionenverschuldung berichtet, mit einer Pro-Kopf-Verschuldung von \u00fcber 3.000 \u20ac. <a class=\"more-link\" href=\"https:\/\/uwg-hausen.de\/?page_id=2971\">Weiterlesen <i class=\"fa fa-chevron-right\"><\/i><\/a><\/p>\n","protected":false},"author":11,"featured_media":0,"parent":0,"menu_order":0,"comment_status":"closed","ping_status":"closed","template":"","meta":{"_eb_attr":"","footnotes":""},"class_list":["post-2971","page","type-page","status-publish","hentry"],"_links":{"self":[{"href":"https:\/\/uwg-hausen.de\/index.php?rest_route=\/wp\/v2\/pages\/2971","targetHints":{"allow":["GET"]}}],"collection":[{"href":"https:\/\/uwg-hausen.de\/index.php?rest_route=\/wp\/v2\/pages"}],"about":[{"href":"https:\/\/uwg-hausen.de\/index.php?rest_route=\/wp\/v2\/types\/page"}],"author":[{"embeddable":true,"href":"https:\/\/uwg-hausen.de\/index.php?rest_route=\/wp\/v2\/users\/11"}],"replies":[{"embeddable":true,"href":"https:\/\/uwg-hausen.de\/index.php?rest_route=%2Fwp%2Fv2%2Fcomments&post=2971"}],"version-history":[{"count":19,"href":"https:\/\/uwg-hausen.de\/index.php?rest_route=\/wp\/v2\/pages\/2971\/revisions"}],"predecessor-version":[{"id":3281,"href":"https:\/\/uwg-hausen.de\/index.php?rest_route=\/wp\/v2\/pages\/2971\/revisions\/3281"}],"wp:attachment":[{"href":"https:\/\/uwg-hausen.de\/index.php?rest_route=%2Fwp%2Fv2%2Fmedia&parent=2971"}],"curies":[{"name":"wp","href":"https:\/\/api.w.org\/{rel}","templated":true}]}}