{"id":2952,"date":"2026-01-24T20:28:46","date_gmt":"2026-01-24T19:28:46","guid":{"rendered":"https:\/\/uwg-hausen.de\/?page_id=2952"},"modified":"2026-01-31T15:55:02","modified_gmt":"2026-01-31T14:55:02","slug":"wahlflyer-der-uwg-hausen","status":"publish","type":"page","link":"https:\/\/uwg-hausen.de\/?page_id=2952","title":{"rendered":"Flyer der UWG Hausen &#8211; Wahl 2026"},"content":{"rendered":"\n<p class=\"has-text-align-center\"><strong>Du kannst den Flyer \u00fcber das Men\u00fc auch im Vollbildmodus (Pfeile in die Ecken-Icon)<br>anschauen und nat\u00fcrlich auch runterladen<\/strong><\/p>\n\n\n\n<div class=\"_df_book df-lite\" id=\"df_2955\"  _slug=\"unsere-themen-zur-wahl-2026\" data-title=\"unsere-themen-zur-wahl-2026\" wpoptions=\"true\" thumb=\"http:\/\/uwg-hausen.de\/wp-content\/uploads\/2026\/01\/UWG-Flyer-zur-Wahl-2026.jpg\" thumbtype=\"\" ><\/div><script class=\"df-shortcode-script\" nowprocket type=\"application\/javascript\">window.option_df_2955 = {\"outline\":[],\"autoEnableOutline\":\"false\",\"autoEnableThumbnail\":\"false\",\"overwritePDFOutline\":\"false\",\"direction\":\"1\",\"pageSize\":\"0\",\"source\":\"http:\\\/\\\/uwg-hausen.de\\\/wp-content\\\/uploads\\\/2026\\\/01\\\/Wahl2026-UWGHausen_Themen_2028-12-21_v01_02-Webseite.pdf\",\"wpOptions\":\"true\"}; if(window.DFLIP && window.DFLIP.parseBooks){window.DFLIP.parseBooks();}<\/script>\n\n\n\n<div style=\"height:118px\" aria-hidden=\"true\" class=\"wp-block-spacer\"><\/div>\n\n\n\n<p class=\"has-text-align-center\"><strong>Hier findest Du unseren Kandidatenflyer mit Fokusthemen<\/strong><\/p>\n\n\n\n<p class=\"has-text-align-center\"><strong>Du kannst den Flyer \u00fcber das Men\u00fc auch im Vollbildmodus (Pfeile in die Ecken-Icon)<br>anschauen und nat\u00fcrlich auch runterladen <\/strong><\/p>\n\n\n\n<div class=\"_df_book df-lite\" id=\"df_3056\"  _slug=\"3056\" data-title=\"uwg-2-flyer\" wpoptions=\"true\" thumb=\"http:\/\/uwg-hausen.de\/wp-content\/uploads\/2026\/01\/UWG-Flyer-zur-Wahl-2026.jpg\" thumbtype=\"\" ><\/div><script class=\"df-shortcode-script\" nowprocket type=\"application\/javascript\">window.option_df_3056 = {\"outline\":[],\"autoEnableOutline\":\"false\",\"autoEnableThumbnail\":\"false\",\"overwritePDFOutline\":\"false\",\"direction\":\"1\",\"pageSize\":\"0\",\"source\":\"https:\\\/\\\/uwg-hausen.de\\\/wp-content\\\/uploads\\\/2026\\\/01\\\/Wahl2026-UWG-Hausen_Kandidatenflyer_v02_08_digital.pdf\",\"wpOptions\":\"true\"}; if(window.DFLIP && window.DFLIP.parseBooks){window.DFLIP.parseBooks();}<\/script>\n\n\n\n<hr class=\"wp-block-separator has-alpha-channel-opacity\"\/>\n\n\n\n<p><\/p>\n","protected":false},"excerpt":{"rendered":"<p>Du kannst den Flyer \u00fcber das Men\u00fc auch im Vollbildmodus (Pfeile in die Ecken-Icon)anschauen und nat\u00fcrlich auch runterladen Hier findest Du unseren Kandidatenflyer mit Fokusthemen Du kannst den Flyer \u00fcber <a class=\"more-link\" href=\"https:\/\/uwg-hausen.de\/?page_id=2952\">Weiterlesen <i class=\"fa fa-chevron-right\"><\/i><\/a><\/p>\n","protected":false},"author":11,"featured_media":0,"parent":0,"menu_order":0,"comment_status":"closed","ping_status":"closed","template":"page-fullwidth.php","meta":{"_eb_attr":"","footnotes":""},"class_list":["post-2952","page","type-page","status-publish","hentry"],"_links":{"self":[{"href":"https:\/\/uwg-hausen.de\/index.php?rest_route=\/wp\/v2\/pages\/2952","targetHints":{"allow":["GET"]}}],"collection":[{"href":"https:\/\/uwg-hausen.de\/index.php?rest_route=\/wp\/v2\/pages"}],"about":[{"href":"https:\/\/uwg-hausen.de\/index.php?rest_route=\/wp\/v2\/types\/page"}],"author":[{"embeddable":true,"href":"https:\/\/uwg-hausen.de\/index.php?rest_route=\/wp\/v2\/users\/11"}],"replies":[{"embeddable":true,"href":"https:\/\/uwg-hausen.de\/index.php?rest_route=%2Fwp%2Fv2%2Fcomments&post=2952"}],"version-history":[{"count":19,"href":"https:\/\/uwg-hausen.de\/index.php?rest_route=\/wp\/v2\/pages\/2952\/revisions"}],"predecessor-version":[{"id":3707,"href":"https:\/\/uwg-hausen.de\/index.php?rest_route=\/wp\/v2\/pages\/2952\/revisions\/3707"}],"wp:attachment":[{"href":"https:\/\/uwg-hausen.de\/index.php?rest_route=%2Fwp%2Fv2%2Fmedia&parent=2952"}],"curies":[{"name":"wp","href":"https:\/\/api.w.org\/{rel}","templated":true}]}}