{"id":16,"date":"2018-07-10T20:15:48","date_gmt":"2018-07-10T20:15:48","guid":{"rendered":"http:\/\/uwg-hausen.de\/?page_id=16"},"modified":"2018-07-10T20:15:48","modified_gmt":"2018-07-10T20:15:48","slug":"satzung","status":"publish","type":"page","link":"https:\/\/uwg-hausen.de\/?page_id=16","title":{"rendered":"Satzung"},"content":{"rendered":"<p style=\"text-align: left;\"><strong>SATZUNG DER UNABH\u00c4NGIGEN W\u00c4HLERGEMEINSCHAFT HAUSEN<\/strong><br \/>\n(in der Fassung vom 28. Februar 1998)<\/p>\n<p style=\"text-align: left;\"><strong>Vorwort<\/strong><br \/>\nDie UNABH\u00c4NGIGE W\u00c4HLERGEMEINSCHAFT HAUSEN (UWG) versteht sich als<br \/>\neine auf Dauer zusammengeschlossene und mit einer k\u00f6rperschaftlichen Verfassung<br \/>\n-Satzung- ausgestatteten Personenvereinigung, die als Organisation im Bestand<br \/>\nvom Wechsel der Mitglieder unabh\u00e4ngig ist. Die UWG-Hausen ist damit ein Verein.<\/p>\n<p style=\"text-align: left;\">Die UWG-Hausen leitet ihre Existenzberechtigung aus den Vorschriften des<br \/>\nGemeindewahlgesetztes, der Gemeindewahlordnung und des Vereinsgesetzes her<br \/>\nund sie bildet in Form des organisierten Vereins eine parteifreie und unabh\u00e4ngige<br \/>\nW\u00e4hlergemeinschaft im Gemeindegebiet Hausen.<\/p>\n<p style=\"text-align: left;\">Die UNABH\u00c4NGIGE W\u00c4HLERGEMEINSCHAFT HAUSEN bezweckt als Mitglied<br \/>\ndes Landesverbandes der freien W\u00e4hlergemeinschaft Bayerns e.V. die Durchsetzung<br \/>\nund Unterst\u00fctzung von Kandidaten aus den Reihen ihrer Mitglieder oder aber<br \/>\nanderer parteiloser, w\u00e4hlbarer B\u00fcrger der Gemeinde im Rahmen von<br \/>\nKommunalwahlen auf Gemeinde- und Landkreisebene. Die UWG-Hausen und ihre<br \/>\nMitglieder sowie die Kandidaten der UWG-Hausen wahren die v\u00f6llige parteipolitische<br \/>\nNeutralit\u00e4t und Unabh\u00e4ngigkeit.<\/p>\n<p style=\"text-align: left;\">Die UNABH\u00c4NGIGE W\u00c4HLERGEMEINSCHAFT HAUSEN sieht ihre Hauptaufgabe<br \/>\nals organisierte Gemeinschaft in der Verwirklichung von sachbezogener,<br \/>\nunabh\u00e4ngiger und freien Willensbildung in der Kommunalpolitik mit der Ma\u00dfgabe,<br \/>\ndass eine auf Parteienideologie und Gruppenegoismus ausgerichtete Politik -gleich<br \/>\nwelcher Art- verhindert werden soll zum Wohle der Gesamtheit der Gemeindeb\u00fcrger.<br \/>\nDazu wirkt die UWG-Hausen mit eigenen Wahlvorschl\u00e4gen bei der<br \/>\nGemeinderatswahl und B\u00fcrgermeisterwahl mit und setzt sich als Ziel, die<br \/>\nunabh\u00e4ngige und freie politische Willensbildung zu f\u00f6rdern. Die UWG Hausen<br \/>\nbenennt und f\u00f6rdert Kandidaten, die Gew\u00e4hr daf\u00fcr bieten, dass sie im<br \/>\nGemeinderat oder aber als B\u00fcrgermeister der Gemeinde Hausen unabh\u00e4ngig von<br \/>\nallen Parteiinteressen und auch seitens der UWG-Hausen nicht an Weisungen<br \/>\ngebunden, allein ihrem Gewissen und ihrem Willen verantwortlich, sachgerecht und<br \/>\nunabh\u00e4ngig zum Wohle der Gemeinde Hausen und ihrer B\u00fcrger entscheiden.<\/p>\n<p style=\"text-align: left;\">Ausgehend von diesem Geiste und dieser Einstellung konstituierte sich die<br \/>\nUNABH\u00c4NGIGE W\u00c4HLERGEMEINSCHAFT HAUSEN in der Versammlung von<br \/>\n13.05.1991 als Verein und beschloss in der Mitgliederversammlung vom 05.07.1991,<br \/>\nzuletzt ge\u00e4ndert am 21.11.1997, die nachfolgende Satzung als Grundlage ihrer<br \/>\nOrganisation.<\/p>\n<p style=\"text-align: left;\"><strong>S A T Z U N G<\/strong><\/p>\n<p style=\"text-align: left;\"><strong>I. Mitgliedschaft in der Unabh\u00e4ngigen W\u00e4hlergemeinschaft<\/strong><em><br \/>\n<\/em>1. Mitglied kann jede in der Gemeinde Hausen (mit Ortsteil Wimmelbach)<br \/>\nnat\u00fcrliche Person werden, die ihren Wohnsitz in der Gemeinde hat.<br \/>\n2. Die Mitgliedschaft wird durch eine schriftliche Beitrittserkl\u00e4rung erworben. Im<br \/>\nAufnahmeantrag ist die Parteilosigkeit des Antragstellers zu best\u00e4tigen.<br \/>\n3. Die Mitgliedschafft endet durch eine schriftliche Austrittserkl\u00e4rung, durch<br \/>\nAusschluss oder durch den Tod des Mitgliedes. Sie erlischt automatisch mit<br \/>\ndem Beitritt in eine politische Partei oder andere organisierte<br \/>\nW\u00e4hlergemeinschaften, ausgenommen die W\u00e4hlergruppe FW Freie W\u00e4hler<br \/>\nBayern e.V.<br \/>\n4. Der Austritt kann jederzeit ohne Einhaltung einer Frist erfolgen. Es entfallen<br \/>\ndamit s\u00e4mtliche Mitgliedsrechte. Eine R\u00fcckerstattung des laufenden<br \/>\nJahresbeitrages findet nicht statt.<br \/>\n5. Ein Mitglied kann vom Vorstand mit sofortiger Wirkung ausgeschlossen<br \/>\nwerden, wenn es in grober Weise gegen die Satzung, die Beschl\u00fcsse der<br \/>\nMitgliederversammlung oder des Vorstandes oder gegen Sinn und Zweck<br \/>\nder UWG-Hausen verst\u00f6\u00dft. Das ausgeschlossene Mitglied kann verlangen,<br \/>\ndass der Ausschluss in einer Mitgliederversammlung \u00fcberpr\u00fcft wird. Das<br \/>\nVerlangen ist innerhalb einer Woche nach Zugang der Ausschlusserkl\u00e4rung<br \/>\ngeltend zu machen. Die Mitgliederversammlung hat innerhalb weiterer vier<br \/>\nWochen die \u00dcberpr\u00fcfung vorzunehmen. Die Entscheidung erfolgt mit<br \/>\neinfacher Mehrheit.<\/p>\n<p style=\"text-align: left;\"><strong>II. Mitglieder<\/strong><br \/>\n1. Im Rahmen der Mitgliederverwaltung werden von den Mitgliedern folgende<br \/>\nDaten erhoben: Name, Vorname, Geburtsdatum, Anschrift, Telefonnummer(n)<br \/>\nund Email-Adresse(n). Diese Daten werden im Rahmen der Mitgliedschaft<br \/>\nverarbeitet und gespeichert. Als Mitglied der UWG Hausen muss die UWG<br \/>\nHausen die Daten seiner Mitglieder an den Landesverbandes der freien<br \/>\nW\u00e4hlergemeinschaft Bayerns e.V. weitergeben. Der Verein ver\u00f6ffentlicht<br \/>\nDaten seiner Mitglieder [auf der Homepage, in der Vereinszeitschrift, auf<br \/>\nWahlplakaten] nur, wenn die Mitgliederversammlung einen entsprechenden<br \/>\nBeschluss gefasst hat und das Mitglied nicht widersprochen hat.<br \/>\nDie Verwendung der Daten der Mitglieder obliegt ausschlie\u00dflich der von der<br \/>\nMitgliederversammlung gew\u00e4hlten Vorstandschaft.<br \/>\n2. Der Verein besteht aus ordentlichen Mitgliedern, Ehrenmitgliedern und<br \/>\njugendlichen Mitgliedern. Ordentliches Mitglied ist der, welcher die<br \/>\nWahlberechtigung besitzt. Ehrenmitglied kann nur werden, wenn dieser sich in<br \/>\nganz besonderer Weise f\u00fcr die Ziele und Zwecke des Vereins verdient<br \/>\ngemacht hat. (siehe Ehrenordnung)<\/p>\n<p style=\"text-align: left;\"><strong>III. Beitrag<\/strong><br \/>\n1. Die H\u00f6he des Beitrages wird von der Mitgliederversammlung festgesetzt. Der<br \/>\nBeitrag ist bis sp\u00e4testens zum 31.03. eines jeden Kalenderjahres zu zahlen.<br \/>\n2. Das Gesch\u00e4ftsjahr ist das Kalenderjahr.<br \/>\n3. Beitr\u00e4ge und Spenden d\u00fcrfen nur zum satzungsgem\u00e4\u00dfen Zweck verwendet<br \/>\nwerden.<\/p>\n<p style=\"text-align: left;\"><strong>IV. Organe der Unabh\u00e4ngigen W\u00e4hlergemeinschaft<\/strong><br \/>\n1. Die Organe der UWG-Hausen sind der Vorstand und die<br \/>\nMitgliederversammlung. Die Mitglieder der UWG-Hausen haben das Recht, an<br \/>\nden Mitgliederversammlung teilzunehmen und ihr Stimmrecht auszu\u00fcben<br \/>\nsowie das Recht, in den Vorstand gew\u00e4hlt zu werden.<br \/>\n2. Der Vorstand besteht aus dem Vorsitzenden und zwei gleichberechtigten<br \/>\nStellvertretern, sowie dem Schriftf\u00fchrer und Schatzmeister, wobei die<br \/>\nStellvertretereigenschaft mit der Funktion des Schriftf\u00fchrers oder<br \/>\nSchatzmeisters zusammenfallen kann.<br \/>\n3. Die Vorstandsmitglieder werden mit einfacher Stimmenmehrheit auf die Dauer<br \/>\nvon drei Jahren durch die Mitgliederversammlung gew\u00e4hlt. Sie bleiben im Amt,<br \/>\nbis eine Neuwahl stattgefunden hat.<br \/>\n4.<br \/>\na. Ein satzungsm\u00e4\u00dfiges Mitglied der UWG-Hausen wird mit Berufung zum<br \/>\nGemeinderatsmitglied automatisch stimmberechtigtes<br \/>\nVorstandsmitglied f\u00fcr die Dauer seiner Zugeh\u00f6rigkeit zum Gemeinderat<br \/>\nder Gemeinde Hausen.<br \/>\nb. Ein von der UWG-Hausen unterst\u00fctztes Gemeinderatsmitglied der<br \/>\nGemeinde Hausen, das nicht satzungsgem\u00e4\u00dfes Mitglied der UWGHausen<br \/>\nist, kann auf Antrag als stimmberechtigtes au\u00dferordentliches<br \/>\nVorstandsmitglied aufgenommen werden, wenn die<br \/>\nMitgliederversammlung mit einfacher Mehrheit dem Beitritt durch<br \/>\nBeschluss zustimmt. Die Mitgliedschaft im Vorstand gilt f\u00fcr die Dauer<br \/>\nder Gemeinderatseigenschaft.<br \/>\n5. Der Vorstand ist beschlussf\u00e4hig, wenn mehr als die H\u00e4lfte seiner Mitglieder,<br \/>\nmindestens jedoch drei Vorstandsmitglieder anwesend sind. Beschl\u00fcsse<br \/>\nwerden mit einfacher Mehrheit gefasst. Bei Stimmengleichheit entscheidet die<br \/>\nStimme des Vorsitzenden.<br \/>\n6. Vertretungsberechtigt sind der Vorsitzende und seine beiden Stellvertreter<br \/>\njeweils f\u00fcr sich allein. Der Schatzmeister hat der Mitgliederversammlung<br \/>\nj\u00e4hrlich Rechnung zu legen und ist f\u00fcr das gesamte Kassenwesen<br \/>\nverantwortlich.<br \/>\n7. Scheidet ein gew\u00e4hltes Vorstandsmitglied vor Ablauf seiner Amtszeit aus, so<br \/>\nhat in der n\u00e4chsten Mitgliederversammlung eine Erg\u00e4nzungswahl f\u00fcr den Rest<br \/>\nder Amtszeit zu erfolgen.<br \/>\n8. Die T\u00e4tigkeit der Vorstandsmitglieder ist ehrenamtlich. Der Vorstand ist an<br \/>\nBeschl\u00fcsse der Mitgliederversammlung gebunden.<br \/>\n9. Die Mitgliederversammlung ist das oberste Organ der UWG-Hausen. Sie ist<br \/>\nj\u00e4hrlich mindestens einmal vom Vorsitzenden des Vorstands schriftlich unter<br \/>\nWahrung der Ladungsfrist von zwei Wochen und unter Angabe der<br \/>\nTagesordnung einzuberufen. Die Ladung und Ver\u00f6ffentlichung erfolgt im<br \/>\nAmtsblatt der Gemeinde Hausen oder per Email an alle Mitglieder<br \/>\n10. Die Mitgliederversammlung entscheidet in allen F\u00e4llen, f\u00fcr die nach dieser<br \/>\nSatzung keine andere Zust\u00e4ndigkeit besteht, namentlich beschlie\u00dft Sie:<br \/>\na. Wahl des Vorstandes<br \/>\nb. Wahl von zwei Kassenpr\u00fcfern<br \/>\nc. Entgegennahme der Jahresberichte<br \/>\nd. Entlastung des Vorstandes<br \/>\ne. Benennung der Kreisdelegierten und Vorschlag von Kandidaten f\u00fcr die<br \/>\nKreistagsliste der Freien W\u00e4hler im Landkreis Forchheim<br \/>\n11. S\u00e4mtliche Beschl\u00fcsse werden mit der Mehrheit der abgegebenen Stimmen<br \/>\nder anwesenden Mitglieder und der anwesenden au\u00dferordentlichen<br \/>\nVorstandsmitglieder i.S. des Absatzes III (4b) gefasst. Stimmenthaltungen<br \/>\nz\u00e4hlen dabei nicht mit.<br \/>\n12. Auf begr\u00fcndeten schriftlichen Antrag von mindestens 1\/4 aller Mitglieder hat<br \/>\nder Vorstand binnen vier Wochen eine au\u00dferordentliche<br \/>\nMitgliederversammlung einzuberufen, f\u00fcr die die Vorschriften \u00fcber die<br \/>\nordentliche Mitgliederversammlung entsprechend gelten<\/p>\n<p style=\"text-align: left;\"><strong>V. Aufstellungsversammlung<\/strong><br \/>\nDie UWG-Hausen als Wahlvorschlagstr\u00e4ger i.S. des Kommunalwahlrechts stellt ihre<br \/>\nKandidatenliste f\u00fcr die Wahl zum Gemeinderat und zum B\u00fcrgermeister der<br \/>\nGemeinde Hausen in einer Aufstellungsversammlung auf. Teilnahmeberechtigt und<br \/>\nstimmberechtigt sind die Mitglieder sowie Vorstandsmitglieder i.S. der Ziffer III 4b der<br \/>\nSatzung.<br \/>\nDie Aufstellungsversammlung ist sp\u00e4testens zwei Wochen zuvor im Amtsblatt der<br \/>\nGemeinde Hausen oder per Email an alle Mitglieder bekannt zu machen und es ist<br \/>\nauf die Teilnahmeberechtigung hinzuweisen.<\/p>\n<p style=\"text-align: left;\"><strong>VI. Aussch\u00fcsse<\/strong><br \/>\nZur Erf\u00fcllung einzelner Aufgaben k\u00f6nnen beratende Aussch\u00fcsse von der<br \/>\nMitgliederversammlung und vom Vorstand eingesetzt werden.<\/p>\n<p style=\"text-align: left;\"><strong>VII. Satzungs\u00e4nderung und Aufl\u00f6sung<\/strong><br \/>\n1. Antr\u00e4ge auf Satzungs\u00e4nderung m\u00fcssen sp\u00e4testens zwei Wochen vor der<br \/>\nMitgliederversammlung beim Vorstand eingehen.<br \/>\n2. Satzungs\u00e4nderungen m\u00fcssen mit einer 3\/4 Mehrheit der in der<br \/>\nMitgliederversammlung anwesenden Mitglieder gefasst werden.<br \/>\n3. Die Aufl\u00f6sung der UWG als Verein kann nur auf einer zu diesem Zweck<br \/>\neinberufenen Mitgliederversammlung beschlossen werden. Die Aufl\u00f6sung<br \/>\nkann nur erfolgen, wenn \u00be der satzungsm\u00e4\u00dfig Stimmberechtigten anwesend<br \/>\nsind und \u00be dieser Anwesenden die Aufl\u00f6sung beschlie\u00dfen.<br \/>\n4. Im Falle der Aufl\u00f6sung der UWG-Hausen wird das gesamte Verm\u00f6gen einem<br \/>\ngemeinn\u00fctzigen Zweck nach Beschlussfassung der Mitgliederversammlung<br \/>\nzugef\u00fchrt.<\/p>\n<p style=\"text-align: left;\"><strong>VIII. Ehrenordnung<\/strong><br \/>\nEhrenordnung des der Unabh\u00e4ngigen W\u00e4hlergemeinschaft (UWG) &#8211; Hausen in der<br \/>\nFassung vom 14. Februar 2017<br \/>\n1. Die UWG Hausen kann in Anerkennung besonderer Verdienste um den Verein<br \/>\nund um das politische Leben in Hausen und Wimmelbach<br \/>\na) die Ehrennadel<br \/>\nb) die Ehrenurkunde<br \/>\nc) die Ehrenmitgliedschaft<br \/>\nd) das Amt des Ehrenvorsitzenden<br \/>\nverleihen.<br \/>\n2. Die Ehrennadel wird in den Ausf\u00fchrungen \u201eBronze\u201c,\u201eSilber\u201c und \u201eGold\u201c verliehen.<br \/>\nMit ihr werden Personen geehrt, die sich durch langj\u00e4hrige verdienstvolle Mitarbeit im<br \/>\nVerein, durch langj\u00e4hrige Mitgliedschaft und besondere politische Leistungen<br \/>\nausgezeichnet haben. Voraussetzung f\u00fcr die Verleihung der Ehrennadel in \u201eBronze\u201c<br \/>\nist eine 10-j\u00e4hrige Mitgliedschaft bzw. herausragende politische Leistungen oder eine<br \/>\nverdienstvolle Mitarbeit im Verein. Die Ehrennadel in \u201eSilber\u201c setzt den Besitz der<br \/>\nEhrennadel in \u201eBronze\u201c voraus und ferner eine 15-j\u00e4hrige Mitgliedschaft. Die<br \/>\nEhrennadel kann ohne diese Voraussetzungen an Personen verliehen werden, die<br \/>\nsich durch besondere Verdienste um den Verein hervorgetan haben. Die Ehrennadel<br \/>\nin \u201eGold\u201c setzt den Besitz der Ehrennadel in \u201eSilber\u201c voraus und ferner eine 20-<br \/>\nj\u00e4hrige Mitgliedschaft. Die Ehrennadel kann ohne diese Voraussetzungen an<br \/>\nPersonen verliehen werden, die sich durch herausragende Verdienste um den Verein<br \/>\nhervorgetan haben. Die Anrechnung der Mitgliedschaft beginnt mit Eintritt in den<br \/>\nVerein. Bei zwischenzeitlichen Ausscheiden und Wiedereintritt beginnt die<br \/>\nZeitrechnung ab dem Datum des Wiedereintritts.<br \/>\n3. Die Ehrenurkunde kann in W\u00fcrdigung besonderer Verdienste um die F\u00f6rderung<br \/>\ndes politischen Lebens an Personen verliehen werden, die sich Verdienste innerhalb<br \/>\nund\/oder au\u00dferhalb des Vereins erworben haben.<br \/>\n4. \u00dcber die Verleihung von Ehrennadel und Ehrenurkunde entscheidet die<br \/>\nVorstandschaft.<br \/>\n5. Personen, die sich in au\u00dfergew\u00f6hnlicher Weise um den Verein verdient gemacht<br \/>\nhaben, k\u00f6nnen von der Vorstandschaft zu Ehrenmitgliedern ernannt werden.<br \/>\n6. Vorsitzende, die in langj\u00e4hriger T\u00e4tigkeit besondere Verdienste um den Verein<br \/>\nerworben haben, k\u00f6nnen von der Mitgliederversammlung zum Ehrenvorsitzenden<br \/>\nernannt werden.<br \/>\n7. Antragsberechtigt f\u00fcr die Ernennung zum Ehrenmitglied bzw. zum<br \/>\nEhrenvorsitzenden sind alle Organe und Gremien des Vereins. Antr\u00e4ge sind<br \/>\nschriftlich beim 1. Vorsitzenden einzureichen. Der Gesamtvorstand pr\u00fcft den<br \/>\nVorschlag und entscheidet \u00fcber die Ernennung zum Ehrenmitglied bzw. legt, bei<br \/>\neiner positiven Pr\u00fcfung zur Ernennung zum Ehrenvorsitzenden, den Vorschlag der<br \/>\nMitgliederversammlung zur Beschlussfassung vor. \u00dcber die Ehrungen werden<br \/>\nUrkunden ausgestellt.<br \/>\n8. Ehrungen k\u00f6nnen vom Vorstand wieder aberkannt werden, wenn ihre<br \/>\nTr\u00e4ger rechtswirksam aus dem Verein ausgeschlossen wurden.<br \/>\n9. Bei der Verleihung von Ehrenzeichen soll bedacht werden, dass Ehrungen auch<br \/>\nnoch in anderer Form ausgesprochen werden k\u00f6nnen, z. B. durch Dankschreiben,<br \/>\nBuch- und Sachpreise, Medaillen, etc.<br \/>\n11. Diese Ehrenordnung tritt mit ihrer Verabschiedung durch Beschluss<br \/>\nder Mitgliederversammlung vom 14.02.2017 in Kraft.<\/p>\n<p style=\"text-align: left;\"><strong>IX. Schlussbestimmungen<\/strong><br \/>\n1. Diese Satzung tritt nach Genehmigung der Mitgliederversammlung in Kraft.<br \/>\n2. Beschl\u00fcsse des Vorstandes und der Mitgliederversammlung sind durch<br \/>\nNiederschrift zu beurkunden und vom Vorsitzenden zu unterschreiben. Der<br \/>\nVorsitzende bestimmt den Protokollf\u00fchrer.<\/p>\n","protected":false},"excerpt":{"rendered":"<p>SATZUNG DER UNABH\u00c4NGIGEN W\u00c4HLERGEMEINSCHAFT HAUSEN (in der Fassung vom 28. Februar 1998) Vorwort Die UNABH\u00c4NGIGE W\u00c4HLERGEMEINSCHAFT HAUSEN (UWG) versteht sich als eine auf Dauer zusammengeschlossene und mit einer k\u00f6rperschaftlichen Verfassung <a class=\"more-link\" href=\"https:\/\/uwg-hausen.de\/?page_id=16\">Weiterlesen <i class=\"fa fa-chevron-right\"><\/i><\/a><\/p>\n","protected":false},"author":1,"featured_media":0,"parent":0,"menu_order":0,"comment_status":"closed","ping_status":"closed","template":"","meta":{"_eb_attr":"","footnotes":""},"class_list":["post-16","page","type-page","status-publish","hentry"],"_links":{"self":[{"href":"https:\/\/uwg-hausen.de\/index.php?rest_route=\/wp\/v2\/pages\/16","targetHints":{"allow":["GET"]}}],"collection":[{"href":"https:\/\/uwg-hausen.de\/index.php?rest_route=\/wp\/v2\/pages"}],"about":[{"href":"https:\/\/uwg-hausen.de\/index.php?rest_route=\/wp\/v2\/types\/page"}],"author":[{"embeddable":true,"href":"https:\/\/uwg-hausen.de\/index.php?rest_route=\/wp\/v2\/users\/1"}],"replies":[{"embeddable":true,"href":"https:\/\/uwg-hausen.de\/index.php?rest_route=%2Fwp%2Fv2%2Fcomments&post=16"}],"version-history":[{"count":1,"href":"https:\/\/uwg-hausen.de\/index.php?rest_route=\/wp\/v2\/pages\/16\/revisions"}],"predecessor-version":[{"id":17,"href":"https:\/\/uwg-hausen.de\/index.php?rest_route=\/wp\/v2\/pages\/16\/revisions\/17"}],"wp:attachment":[{"href":"https:\/\/uwg-hausen.de\/index.php?rest_route=%2Fwp%2Fv2%2Fmedia&parent=16"}],"curies":[{"name":"wp","href":"https:\/\/api.w.org\/{rel}","templated":true}]}}